{"id":6234,"date":"2026-01-12T17:01:28","date_gmt":"2026-01-12T16:01:28","guid":{"rendered":"https:\/\/namenlos-restaurant.de\/?page_id=6234"},"modified":"2026-03-21T08:17:45","modified_gmt":"2026-03-21T07:17:45","slug":"ostern-festtagsmenue","status":"publish","type":"page","link":"https:\/\/namenlos-restaurant.de\/index.php\/ostern-festtagsmenue\/","title":{"rendered":"Ostern Festtagsmen\u00fc"},"content":{"rendered":"\t\t<div data-elementor-type=\"wp-page\" data-elementor-id=\"6234\" class=\"elementor elementor-6234\" data-elementor-post-type=\"page\">\n\t\t\t\t<div class=\"elementor-element elementor-element-918f428 e-flex e-con-boxed e-con e-parent\" data-id=\"918f428\" data-element_type=\"container\" data-e-type=\"container\" data-settings=\"{&quot;background_background&quot;:&quot;video&quot;,&quot;background_video_link&quot;:&quot;https:\\\/\\\/namenlos-restaurant.de\\\/wp-content\\\/uploads\\\/2021\\\/11\\\/friends-having-christmas-dinner-at-home-2021-09-01-16-06-06-utc.mp4&quot;,&quot;background_play_on_mobile&quot;:&quot;yes&quot;,&quot;shape_divider_bottom&quot;:&quot;waves&quot;}\">\n\t\t\t\t\t<div class=\"e-con-inner\">\n\t\t<div class=\"elementor-background-video-container\">\n\t\t\t\t\t\t\t<video class=\"elementor-background-video-hosted\" role=\"presentation\" autoplay muted playsinline loop><\/video>\n\t\t\t\t\t<\/div>\t\t<div class=\"elementor-shape elementor-shape-bottom\" aria-hidden=\"true\" data-negative=\"false\">\n\t\t\t<svg xmlns=\"http:\/\/www.w3.org\/2000\/svg\" viewBox=\"0 0 1000 100\" preserveAspectRatio=\"none\">\n\t<path class=\"elementor-shape-fill\" d=\"M421.9,6.5c22.6-2.5,51.5,0.4,75.5,5.3c23.6,4.9,70.9,23.5,100.5,35.7c75.8,32.2,133.7,44.5,192.6,49.7\n\tc23.6,2.1,48.7,3.5,103.4-2.5c54.7-6,106.2-25.6,106.2-25.6V0H0v30.3c0,0,72,32.6,158.4,30.5c39.2-0.7,92.8-6.7,134-22.4\n\tc21.2-8.1,52.2-18.2,79.7-24.2C399.3,7.9,411.6,7.5,421.9,6.5z\"\/>\n<\/svg>\t\t<\/div>\n\t\t<div class=\"elementor-element elementor-element-894cf10 e-con-full e-flex e-con e-child\" data-id=\"894cf10\" data-element_type=\"container\" data-e-type=\"container\">\n\t\t\t\t<div class=\"elementor-element elementor-element-0f0ae02 elementor-widget elementor-widget-heading\" data-id=\"0f0ae02\" data-element_type=\"widget\" data-e-type=\"widget\" data-widget_type=\"heading.default\">\n\t\t\t\t<div class=\"elementor-widget-container\">\n\t\t\t\t\t<h1 class=\"elementor-heading-title elementor-size-default\">Restaurant #Namenlos<\/h1>\t\t\t\t<\/div>\n\t\t\t\t<\/div>\n\t\t\t\t<div class=\"elementor-element elementor-element-aa64905 elementor-widget elementor-widget-heading\" data-id=\"aa64905\" data-element_type=\"widget\" data-e-type=\"widget\" data-widget_type=\"heading.default\">\n\t\t\t\t<div class=\"elementor-widget-container\">\n\t\t\t\t\t<h2 class=\"elementor-heading-title elementor-size-default\">Festtagsmen\u00fc an Ostern<\/h2>\t\t\t\t<\/div>\n\t\t\t\t<\/div>\n\t\t\t\t<div class=\"elementor-element elementor-element-436c97c elementor-widget elementor-widget-spacer\" data-id=\"436c97c\" data-element_type=\"widget\" data-e-type=\"widget\" data-widget_type=\"spacer.default\">\n\t\t\t\t<div class=\"elementor-widget-container\">\n\t\t\t\t\t\t\t<div class=\"elementor-spacer\">\n\t\t\t<div class=\"elementor-spacer-inner\"><\/div>\n\t\t<\/div>\n\t\t\t\t\t\t<\/div>\n\t\t\t\t<\/div>\n\t\t\t\t<\/div>\n\t\t\t\t\t<\/div>\n\t\t\t\t<\/div>\n\t\t<div class=\"elementor-element elementor-element-cf66c18 e-flex e-con-boxed e-con e-parent\" data-id=\"cf66c18\" data-element_type=\"container\" data-e-type=\"container\">\n\t\t\t\t\t<div class=\"e-con-inner\">\n\t\t\t\t<div class=\"elementor-element elementor-element-8f018a3 elementor-widget elementor-widget-spacer\" data-id=\"8f018a3\" data-element_type=\"widget\" data-e-type=\"widget\" data-widget_type=\"spacer.default\">\n\t\t\t\t<div class=\"elementor-widget-container\">\n\t\t\t\t\t\t\t<div class=\"elementor-spacer\">\n\t\t\t<div class=\"elementor-spacer-inner\"><\/div>\n\t\t<\/div>\n\t\t\t\t\t\t<\/div>\n\t\t\t\t<\/div>\n\t\t\t\t<div class=\"elementor-element elementor-element-a8a4a3d elementor-widget elementor-widget-heading\" data-id=\"a8a4a3d\" data-element_type=\"widget\" data-e-type=\"widget\" data-widget_type=\"heading.default\">\n\t\t\t\t<div class=\"elementor-widget-container\">\n\t\t\t\t\t<h3 class=\"elementor-heading-title elementor-size-default\">Ostern genie\u00dfen, lecker essen und das ohne Stress und stundenlang in der K\u00fcche stehen?<\/h3>\t\t\t\t<\/div>\n\t\t\t\t<\/div>\n\t\t\t\t<div class=\"elementor-element elementor-element-44e994c elementor-widget elementor-widget-heading\" data-id=\"44e994c\" data-element_type=\"widget\" data-e-type=\"widget\" data-widget_type=\"heading.default\">\n\t\t\t\t<div class=\"elementor-widget-container\">\n\t\t\t\t\t<h4 class=\"elementor-heading-title elementor-size-default\">Das geht - bestelle dein Festtagsmen\u00fc im #Namenlos!<\/h4>\t\t\t\t<\/div>\n\t\t\t\t<\/div>\n\t\t\t\t<div class=\"elementor-element elementor-element-771a9d3 elementor-widget elementor-widget-spacer\" data-id=\"771a9d3\" data-element_type=\"widget\" data-e-type=\"widget\" data-widget_type=\"spacer.default\">\n\t\t\t\t<div class=\"elementor-widget-container\">\n\t\t\t\t\t\t\t<div class=\"elementor-spacer\">\n\t\t\t<div class=\"elementor-spacer-inner\"><\/div>\n\t\t<\/div>\n\t\t\t\t\t\t<\/div>\n\t\t\t\t<\/div>\n\t\t\t\t<div class=\"elementor-element elementor-element-0341346 elementor-widget elementor-widget-text-editor\" data-id=\"0341346\" data-element_type=\"widget\" data-e-type=\"widget\" data-widget_type=\"text-editor.default\">\n\t\t\t\t<div class=\"elementor-widget-container\">\n\t\t\t\t\t\t\t\t\t<p><span style=\"font-size: 15px;\">Auch zu Ostern bieten wir euch wieder eine Auswahl an Gerichten und einzelnen Komponenten, aus denen ihr euch euer Osteressen ganz individuell zusammenstellen k\u00f6nnt. Ob klassisch oder modern: Ihr entscheidet, was auf den Tisch kommt \u2013 wir \u00fcbernehmen die Zubereitung.<\/span><\/p><p>Alle Speisen werden frisch f\u00fcr euch vorbereitet, vakuumiert und eignen sich so perfekt f\u00fcr ein entspanntes Osteressen zu Hause. Die Bestellung erfolgt unkompliziert \u00fcber unseren Bestellzettel, den ihr euch entweder vor Ort abholt oder online herunterladen k\u00f6nnt.<br data-start=\"771\" data-end=\"774\" \/>Bitte beachtet, dass wir Bestellungen ausschlie\u00dflich gegen Vorkasse annehmen k\u00f6nnen.<\/p><p>Ihr k\u00f6nnt bis zum <b>30.03.<\/b> euer Ostermen\u00fc vorbestellen.<br \/><span style=\"font-size: 15px; font-style: normal; font-weight: 400; color: rgba(0,0,0,var(--o42jjq,1)); caret-color: #000000; --ys-xuq: none; font-kerning: none;\">Die Abholung findet am <\/span><span style=\"font-size: 15px; font-style: normal; color: rgba(0,0,0,var(--o42jjq,1)); caret-color: #000000; --ys-xuq: none; font-weight: bold; font-kerning: none;\">04.04.2026<\/span><span style=\"font-size: 15px; font-style: normal; font-weight: 400; color: rgba(0,0,0,var(--o42jjq,1)); caret-color: #000000; --ys-xuq: none; font-kerning: none;\">\u00a0zwischen <\/span><span style=\"font-size: 15px; font-style: normal; color: rgba(0,0,0,var(--o42jjq,1)); caret-color: #000000; --ys-xuq: none; font-kerning: none;\"><b>14-16 Uhr<\/b><\/span><span style=\"font-size: 15px; font-style: normal; font-weight: 400; color: rgba(0,0,0,var(--o42jjq,1)); caret-color: #000000; --ys-xuq: none; font-kerning: none;\"> statt.<\/span><\/p>\t\t\t\t\t\t\t\t<\/div>\n\t\t\t\t<\/div>\n\t\t<div class=\"elementor-element elementor-element-e4ff132 e-con-full e-flex e-con e-child\" data-id=\"e4ff132\" data-element_type=\"container\" data-e-type=\"container\">\n\t\t\t\t<div class=\"elementor-element elementor-element-56eefb6 elementor-align-center elementor-widget elementor-widget-button\" data-id=\"56eefb6\" data-element_type=\"widget\" data-e-type=\"widget\" data-widget_type=\"button.default\">\n\t\t\t\t<div class=\"elementor-widget-container\">\n\t\t\t\t\t\t\t\t\t<div class=\"elementor-button-wrapper\">\n\t\t\t\t\t<a class=\"elementor-button elementor-button-link elementor-size-sm\" href=\"https:\/\/namenlos-restaurant.de\/wp-content\/uploads\/2026\/03\/Ostermenue-26.pdf\">\n\t\t\t\t\t\t<span class=\"elementor-button-content-wrapper\">\n\t\t\t\t\t\t\t\t\t<span class=\"elementor-button-text\">Bestellzettel<\/span>\n\t\t\t\t\t<\/span>\n\t\t\t\t\t<\/a>\n\t\t\t\t<\/div>\n\t\t\t\t\t\t\t\t<\/div>\n\t\t\t\t<\/div>\n\t\t\t\t<\/div>\n\t\t\t\t<div class=\"elementor-element elementor-element-b596960 elementor-widget elementor-widget-spacer\" data-id=\"b596960\" data-element_type=\"widget\" data-e-type=\"widget\" data-widget_type=\"spacer.default\">\n\t\t\t\t<div class=\"elementor-widget-container\">\n\t\t\t\t\t\t\t<div class=\"elementor-spacer\">\n\t\t\t<div class=\"elementor-spacer-inner\"><\/div>\n\t\t<\/div>\n\t\t\t\t\t\t<\/div>\n\t\t\t\t<\/div>\n\t\t\t\t\t<\/div>\n\t\t\t\t<\/div>\n\t\t<div class=\"elementor-element elementor-element-efa5433 e-flex e-con-boxed e-con e-parent\" data-id=\"efa5433\" data-element_type=\"container\" data-e-type=\"container\">\n\t\t\t\t\t<div class=\"e-con-inner\">\n\t\t<div class=\"elementor-element elementor-element-3017bd4 e-con-full e-flex e-con e-child\" data-id=\"3017bd4\" data-element_type=\"container\" data-e-type=\"container\">\n\t\t\t\t<div class=\"elementor-element elementor-element-14c8a59 elementor-widget elementor-widget-heading\" data-id=\"14c8a59\" data-element_type=\"widget\" data-e-type=\"widget\" data-widget_type=\"heading.default\">\n\t\t\t\t<div class=\"elementor-widget-container\">\n\t\t\t\t\t<h3 class=\"elementor-heading-title elementor-size-default\">Hier findet ihr uns:<\/h3>\t\t\t\t<\/div>\n\t\t\t\t<\/div>\n\t\t\t\t<div class=\"elementor-element elementor-element-c380bfc elementor-widget elementor-widget-heading\" data-id=\"c380bfc\" data-element_type=\"widget\" data-e-type=\"widget\" data-widget_type=\"heading.default\">\n\t\t\t\t<div class=\"elementor-widget-container\">\n\t\t\t\t\t<h5 class=\"elementor-heading-title elementor-size-default\">Restaurant #Namenlos<\/h5>\t\t\t\t<\/div>\n\t\t\t\t<\/div>\n\t\t\t\t<div class=\"elementor-element elementor-element-ff7a145 elementor-widget elementor-widget-text-editor\" data-id=\"ff7a145\" data-element_type=\"widget\" data-e-type=\"widget\" data-widget_type=\"text-editor.default\">\n\t\t\t\t<div class=\"elementor-widget-container\">\n\t\t\t\t\t\t\t\t\t<p>L\u00fctticher Str. 1, 41748 Viersen<\/p>\t\t\t\t\t\t\t\t<\/div>\n\t\t\t\t<\/div>\n\t\t\t\t<\/div>\n\t\t<div class=\"elementor-element elementor-element-6e8d90a e-con-full e-flex e-con e-child\" data-id=\"6e8d90a\" data-element_type=\"container\" data-e-type=\"container\">\n\t\t\t\t<div class=\"elementor-element elementor-element-7a007bd elementor-widget elementor-widget-google_maps\" data-id=\"7a007bd\" data-element_type=\"widget\" data-e-type=\"widget\" data-widget_type=\"google_maps.default\">\n\t\t\t\t<div class=\"elementor-widget-container\">\n\t\t\t\t\t\t\t<div class=\"elementor-custom-embed\">\n\t\t\t<iframe loading=\"lazy\"\n\t\t\t\t\tsrc=\"https:\/\/maps.google.com\/maps?q=Restaurant%20%23Namenlos&#038;t=m&#038;z=15&#038;output=embed&#038;iwloc=near\"\n\t\t\t\t\ttitle=\"Restaurant #Namenlos\"\n\t\t\t\t\taria-label=\"Restaurant #Namenlos\"\n\t\t\t><\/iframe>\n\t\t<\/div>\n\t\t\t\t\t\t<\/div>\n\t\t\t\t<\/div>\n\t\t\t\t<\/div>\n\t\t\t\t\t<\/div>\n\t\t\t\t<\/div>\n\t\t\t\t<\/div>\n\t\t","protected":false},"excerpt":{"rendered":"<p>Restaurant #Namenlos Festtagsmen\u00fc an Ostern Ostern genie\u00dfen, lecker essen und das ohne Stress und stundenlang in der K\u00fcche stehen? Das geht &#8211; bestelle dein Festtagsmen\u00fc im #Namenlos! Auch zu Ostern bieten wir euch wieder eine Auswahl an Gerichten und einzelnen Komponenten, aus denen ihr euch euer Osteressen ganz individuell zusammenstellen k\u00f6nnt. Ob klassisch oder modern: [&hellip;]<\/p>\n","protected":false},"author":3,"featured_media":0,"parent":0,"menu_order":0,"comment_status":"closed","ping_status":"closed","template":"","meta":{"site-sidebar-layout":"no-sidebar","site-content-layout":"page-builder","ast-site-content-layout":"full-width-container","site-content-style":"default","site-sidebar-style":"default","ast-global-header-display":"","ast-banner-title-visibility":"","ast-main-header-display":"","ast-hfb-above-header-display":"","ast-hfb-below-header-display":"","ast-hfb-mobile-header-display":"","site-post-title":"disabled","ast-breadcrumbs-content":"","ast-featured-img":"disabled","footer-sml-layout":"","ast-disable-related-posts":"","theme-transparent-header-meta":"","adv-header-id-meta":"","stick-header-meta":"","header-above-stick-meta":"","header-main-stick-meta":"","header-below-stick-meta":"","astra-migrate-meta-layouts":"set","ast-page-background-enabled":"default","ast-page-background-meta":{"desktop":{"background-color":"","background-image":"","background-repeat":"repeat","background-position":"center center","background-size":"auto","background-attachment":"scroll","background-type":"","background-media":"","overlay-type":"","overlay-color":"","overlay-opacity":"","overlay-gradient":""},"tablet":{"background-color":"","background-image":"","background-repeat":"repeat","background-position":"center center","background-size":"auto","background-attachment":"scroll","background-type":"","background-media":"","overlay-type":"","overlay-color":"","overlay-opacity":"","overlay-gradient":""},"mobile":{"background-color":"","background-image":"","background-repeat":"repeat","background-position":"center center","background-size":"auto","background-attachment":"scroll","background-type":"","background-media":"","overlay-type":"","overlay-color":"","overlay-opacity":"","overlay-gradient":""}},"ast-content-background-meta":{"desktop":{"background-color":"var(--ast-global-color-5)","background-image":"","background-repeat":"repeat","background-position":"center center","background-size":"auto","background-attachment":"scroll","background-type":"","background-media":"","overlay-type":"","overlay-color":"","overlay-opacity":"","overlay-gradient":""},"tablet":{"background-color":"var(--ast-global-color-5)","background-image":"","background-repeat":"repeat","background-position":"center center","background-size":"auto","background-attachment":"scroll","background-type":"","background-media":"","overlay-type":"","overlay-color":"","overlay-opacity":"","overlay-gradient":""},"mobile":{"background-color":"var(--ast-global-color-5)","background-image":"","background-repeat":"repeat","background-position":"center center","background-size":"auto","background-attachment":"scroll","background-type":"","background-media":"","overlay-type":"","overlay-color":"","overlay-opacity":"","overlay-gradient":""}},"footnotes":""},"class_list":["post-6234","page","type-page","status-publish","hentry"],"yoast_head":"<!-- This site is optimized with the Yoast SEO plugin v27.3 - https:\/\/yoast.com\/product\/yoast-seo-wordpress\/ -->\n<title>Ostern Festtagsmen\u00fc - Restaurant #Namenlos<\/title>\n<meta name=\"robots\" content=\"index, follow, max-snippet:-1, max-image-preview:large, max-video-preview:-1\" \/>\n<link rel=\"canonical\" href=\"https:\/\/namenlos-restaurant.de\/index.php\/ostern-festtagsmenue\/\" \/>\n<meta property=\"og:locale\" content=\"de_DE\" \/>\n<meta property=\"og:type\" content=\"article\" \/>\n<meta property=\"og:title\" content=\"Ostern Festtagsmen\u00fc - Restaurant #Namenlos\" \/>\n<meta property=\"og:description\" content=\"Restaurant #Namenlos Festtagsmen\u00fc an Ostern Ostern genie\u00dfen, lecker essen und das ohne Stress und stundenlang in der K\u00fcche stehen? Das geht &#8211; bestelle dein Festtagsmen\u00fc im #Namenlos! Auch zu Ostern bieten wir euch wieder eine Auswahl an Gerichten und einzelnen Komponenten, aus denen ihr euch euer Osteressen ganz individuell zusammenstellen k\u00f6nnt. Ob klassisch oder modern: [&hellip;]\" \/>\n<meta property=\"og:url\" content=\"https:\/\/namenlos-restaurant.de\/index.php\/ostern-festtagsmenue\/\" \/>\n<meta property=\"og:site_name\" content=\"Restaurant #Namenlos\" \/>\n<meta property=\"article:modified_time\" content=\"2026-03-21T07:17:45+00:00\" \/>\n<meta name=\"twitter:card\" content=\"summary_large_image\" \/>\n<meta name=\"twitter:label1\" content=\"Gesch\u00e4tzte Lesezeit\" \/>\n\t<meta name=\"twitter:data1\" content=\"1\u00a0Minute\" \/>\n<script type=\"application\/ld+json\" class=\"yoast-schema-graph\">{\"@context\":\"https:\\\/\\\/schema.org\",\"@graph\":[{\"@type\":\"WebPage\",\"@id\":\"https:\\\/\\\/namenlos-restaurant.de\\\/index.php\\\/ostern-festtagsmenue\\\/\",\"url\":\"https:\\\/\\\/namenlos-restaurant.de\\\/index.php\\\/ostern-festtagsmenue\\\/\",\"name\":\"Ostern Festtagsmen\u00fc - Restaurant #Namenlos\",\"isPartOf\":{\"@id\":\"https:\\\/\\\/namenlos-restaurant.de\\\/#website\"},\"datePublished\":\"2026-01-12T16:01:28+00:00\",\"dateModified\":\"2026-03-21T07:17:45+00:00\",\"breadcrumb\":{\"@id\":\"https:\\\/\\\/namenlos-restaurant.de\\\/index.php\\\/ostern-festtagsmenue\\\/#breadcrumb\"},\"inLanguage\":\"de\",\"potentialAction\":[{\"@type\":\"ReadAction\",\"target\":[\"https:\\\/\\\/namenlos-restaurant.de\\\/index.php\\\/ostern-festtagsmenue\\\/\"]}]},{\"@type\":\"BreadcrumbList\",\"@id\":\"https:\\\/\\\/namenlos-restaurant.de\\\/index.php\\\/ostern-festtagsmenue\\\/#breadcrumb\",\"itemListElement\":[{\"@type\":\"ListItem\",\"position\":1,\"name\":\"Startseite\",\"item\":\"https:\\\/\\\/namenlos-restaurant.de\\\/\"},{\"@type\":\"ListItem\",\"position\":2,\"name\":\"Ostern Festtagsmen\u00fc\"}]},{\"@type\":\"WebSite\",\"@id\":\"https:\\\/\\\/namenlos-restaurant.de\\\/#website\",\"url\":\"https:\\\/\\\/namenlos-restaurant.de\\\/\",\"name\":\"Restaurant #Namenlos\",\"description\":\"by Edeka Zielke\",\"potentialAction\":[{\"@type\":\"SearchAction\",\"target\":{\"@type\":\"EntryPoint\",\"urlTemplate\":\"https:\\\/\\\/namenlos-restaurant.de\\\/?s={search_term_string}\"},\"query-input\":{\"@type\":\"PropertyValueSpecification\",\"valueRequired\":true,\"valueName\":\"search_term_string\"}}],\"inLanguage\":\"de\"}]}<\/script>\n<!-- \/ Yoast SEO plugin. -->","yoast_head_json":{"title":"Ostern Festtagsmen\u00fc - Restaurant #Namenlos","robots":{"index":"index","follow":"follow","max-snippet":"max-snippet:-1","max-image-preview":"max-image-preview:large","max-video-preview":"max-video-preview:-1"},"canonical":"https:\/\/namenlos-restaurant.de\/index.php\/ostern-festtagsmenue\/","og_locale":"de_DE","og_type":"article","og_title":"Ostern Festtagsmen\u00fc - Restaurant #Namenlos","og_description":"Restaurant #Namenlos Festtagsmen\u00fc an Ostern Ostern genie\u00dfen, lecker essen und das ohne Stress und stundenlang in der K\u00fcche stehen? Das geht &#8211; bestelle dein Festtagsmen\u00fc im #Namenlos! Auch zu Ostern bieten wir euch wieder eine Auswahl an Gerichten und einzelnen Komponenten, aus denen ihr euch euer Osteressen ganz individuell zusammenstellen k\u00f6nnt. Ob klassisch oder modern: [&hellip;]","og_url":"https:\/\/namenlos-restaurant.de\/index.php\/ostern-festtagsmenue\/","og_site_name":"Restaurant #Namenlos","article_modified_time":"2026-03-21T07:17:45+00:00","twitter_card":"summary_large_image","twitter_misc":{"Gesch\u00e4tzte Lesezeit":"1\u00a0Minute"},"schema":{"@context":"https:\/\/schema.org","@graph":[{"@type":"WebPage","@id":"https:\/\/namenlos-restaurant.de\/index.php\/ostern-festtagsmenue\/","url":"https:\/\/namenlos-restaurant.de\/index.php\/ostern-festtagsmenue\/","name":"Ostern Festtagsmen\u00fc - Restaurant #Namenlos","isPartOf":{"@id":"https:\/\/namenlos-restaurant.de\/#website"},"datePublished":"2026-01-12T16:01:28+00:00","dateModified":"2026-03-21T07:17:45+00:00","breadcrumb":{"@id":"https:\/\/namenlos-restaurant.de\/index.php\/ostern-festtagsmenue\/#breadcrumb"},"inLanguage":"de","potentialAction":[{"@type":"ReadAction","target":["https:\/\/namenlos-restaurant.de\/index.php\/ostern-festtagsmenue\/"]}]},{"@type":"BreadcrumbList","@id":"https:\/\/namenlos-restaurant.de\/index.php\/ostern-festtagsmenue\/#breadcrumb","itemListElement":[{"@type":"ListItem","position":1,"name":"Startseite","item":"https:\/\/namenlos-restaurant.de\/"},{"@type":"ListItem","position":2,"name":"Ostern Festtagsmen\u00fc"}]},{"@type":"WebSite","@id":"https:\/\/namenlos-restaurant.de\/#website","url":"https:\/\/namenlos-restaurant.de\/","name":"Restaurant #Namenlos","description":"by Edeka Zielke","potentialAction":[{"@type":"SearchAction","target":{"@type":"EntryPoint","urlTemplate":"https:\/\/namenlos-restaurant.de\/?s={search_term_string}"},"query-input":{"@type":"PropertyValueSpecification","valueRequired":true,"valueName":"search_term_string"}}],"inLanguage":"de"}]}},"jetpack_sharing_enabled":true,"_links":{"self":[{"href":"https:\/\/namenlos-restaurant.de\/index.php\/wp-json\/wp\/v2\/pages\/6234","targetHints":{"allow":["GET"]}}],"collection":[{"href":"https:\/\/namenlos-restaurant.de\/index.php\/wp-json\/wp\/v2\/pages"}],"about":[{"href":"https:\/\/namenlos-restaurant.de\/index.php\/wp-json\/wp\/v2\/types\/page"}],"author":[{"embeddable":true,"href":"https:\/\/namenlos-restaurant.de\/index.php\/wp-json\/wp\/v2\/users\/3"}],"replies":[{"embeddable":true,"href":"https:\/\/namenlos-restaurant.de\/index.php\/wp-json\/wp\/v2\/comments?post=6234"}],"version-history":[{"count":3,"href":"https:\/\/namenlos-restaurant.de\/index.php\/wp-json\/wp\/v2\/pages\/6234\/revisions"}],"predecessor-version":[{"id":6564,"href":"https:\/\/namenlos-restaurant.de\/index.php\/wp-json\/wp\/v2\/pages\/6234\/revisions\/6564"}],"wp:attachment":[{"href":"https:\/\/namenlos-restaurant.de\/index.php\/wp-json\/wp\/v2\/media?parent=6234"}],"curies":[{"name":"wp","href":"https:\/\/api.w.org\/{rel}","templated":true}]}}