{"id":6212,"date":"2026-01-12T13:24:24","date_gmt":"2026-01-12T12:24:24","guid":{"rendered":"https:\/\/namenlos-restaurant.de\/?page_id=6212"},"modified":"2026-01-14T13:16:03","modified_gmt":"2026-01-14T12:16:03","slug":"festtagsmenue-an-silvester","status":"publish","type":"page","link":"https:\/\/namenlos-restaurant.de\/index.php\/festtagsmenue-an-silvester\/","title":{"rendered":"Festtagsmen\u00fc an Silvester"},"content":{"rendered":"\t\t<div data-elementor-type=\"wp-page\" data-elementor-id=\"6212\" class=\"elementor elementor-6212\" data-elementor-post-type=\"page\">\n\t\t\t\t\t\t<section class=\"elementor-section elementor-top-section elementor-element elementor-element-1427f1c elementor-section-height-min-height elementor-section-content-middle elementor-section-boxed elementor-section-height-default elementor-section-items-middle\" data-id=\"1427f1c\" data-element_type=\"section\" data-e-type=\"section\" data-settings=\"{&quot;background_background&quot;:&quot;video&quot;,&quot;background_video_link&quot;:&quot;https:\\\/\\\/namenlos-restaurant.de\\\/wp-content\\\/uploads\\\/2026\\\/01\\\/Feuerwerk.mp4&quot;,&quot;background_play_on_mobile&quot;:&quot;yes&quot;,&quot;shape_divider_bottom&quot;:&quot;waves&quot;}\">\n\t\t\t\t\t\t\t\t<div class=\"elementor-background-video-container\">\n\t\t\t\t\t\t\t\t\t\t\t\t\t<video class=\"elementor-background-video-hosted\" role=\"presentation\" autoplay muted playsinline loop><\/video>\n\t\t\t\t\t\t\t\t\t\t\t<\/div>\n\t\t\t\t\t\t\t\t\t<div class=\"elementor-background-overlay\"><\/div>\n\t\t\t\t\t\t<div class=\"elementor-shape elementor-shape-bottom\" aria-hidden=\"true\" data-negative=\"false\">\n\t\t\t<svg xmlns=\"http:\/\/www.w3.org\/2000\/svg\" viewBox=\"0 0 1000 100\" preserveAspectRatio=\"none\">\n\t<path class=\"elementor-shape-fill\" d=\"M421.9,6.5c22.6-2.5,51.5,0.4,75.5,5.3c23.6,4.9,70.9,23.5,100.5,35.7c75.8,32.2,133.7,44.5,192.6,49.7\n\tc23.6,2.1,48.7,3.5,103.4-2.5c54.7-6,106.2-25.6,106.2-25.6V0H0v30.3c0,0,72,32.6,158.4,30.5c39.2-0.7,92.8-6.7,134-22.4\n\tc21.2-8.1,52.2-18.2,79.7-24.2C399.3,7.9,411.6,7.5,421.9,6.5z\"\/>\n<\/svg>\t\t<\/div>\n\t\t\t\t\t<div class=\"elementor-container elementor-column-gap-extended\">\n\t\t\t\t\t<div class=\"elementor-column elementor-col-100 elementor-top-column elementor-element elementor-element-f9d6a25\" data-id=\"f9d6a25\" data-element_type=\"column\" data-e-type=\"column\">\n\t\t\t<div class=\"elementor-widget-wrap elementor-element-populated\">\n\t\t\t\t\t\t<div class=\"elementor-element elementor-element-de30926 elementor-widget elementor-widget-heading\" data-id=\"de30926\" data-element_type=\"widget\" data-e-type=\"widget\" data-widget_type=\"heading.default\">\n\t\t\t\t<div class=\"elementor-widget-container\">\n\t\t\t\t\t<h1 class=\"elementor-heading-title elementor-size-default\">Restaurant #Namenlos<\/h1>\t\t\t\t<\/div>\n\t\t\t\t<\/div>\n\t\t\t\t<div class=\"elementor-element elementor-element-9278c76 elementor-widget elementor-widget-heading\" data-id=\"9278c76\" data-element_type=\"widget\" data-e-type=\"widget\" data-widget_type=\"heading.default\">\n\t\t\t\t<div class=\"elementor-widget-container\">\n\t\t\t\t\t<h2 class=\"elementor-heading-title elementor-size-default\">Festtagsmen\u00fc an Silvester<\/h2>\t\t\t\t<\/div>\n\t\t\t\t<\/div>\n\t\t\t\t<div class=\"elementor-element elementor-element-eac83b4 elementor-widget elementor-widget-spacer\" data-id=\"eac83b4\" data-element_type=\"widget\" data-e-type=\"widget\" data-widget_type=\"spacer.default\">\n\t\t\t\t<div class=\"elementor-widget-container\">\n\t\t\t\t\t\t\t<div class=\"elementor-spacer\">\n\t\t\t<div class=\"elementor-spacer-inner\"><\/div>\n\t\t<\/div>\n\t\t\t\t\t\t<\/div>\n\t\t\t\t<\/div>\n\t\t\t\t\t<\/div>\n\t\t<\/div>\n\t\t\t\t\t<\/div>\n\t\t<\/section>\n\t\t<div class=\"elementor-element elementor-element-8170beb e-flex e-con-boxed e-con e-parent\" data-id=\"8170beb\" data-element_type=\"container\" data-e-type=\"container\">\n\t\t\t\t\t<div class=\"e-con-inner\">\n\t\t\t\t<div class=\"elementor-element elementor-element-8e78a6a elementor-widget elementor-widget-spacer\" data-id=\"8e78a6a\" data-element_type=\"widget\" data-e-type=\"widget\" data-widget_type=\"spacer.default\">\n\t\t\t\t<div class=\"elementor-widget-container\">\n\t\t\t\t\t\t\t<div class=\"elementor-spacer\">\n\t\t\t<div class=\"elementor-spacer-inner\"><\/div>\n\t\t<\/div>\n\t\t\t\t\t\t<\/div>\n\t\t\t\t<\/div>\n\t\t\t\t<div class=\"elementor-element elementor-element-ed47fdc elementor-widget elementor-widget-heading\" data-id=\"ed47fdc\" data-element_type=\"widget\" data-e-type=\"widget\" data-widget_type=\"heading.default\">\n\t\t\t\t<div class=\"elementor-widget-container\">\n\t\t\t\t\t<h3 class=\"elementor-heading-title elementor-size-default\">Silvester genie\u00dfen, lecker essen und das ohne Stress und stundenlang in der K\u00fcche stehen?<\/h3>\t\t\t\t<\/div>\n\t\t\t\t<\/div>\n\t\t\t\t<div class=\"elementor-element elementor-element-5be1927 elementor-widget elementor-widget-heading\" data-id=\"5be1927\" data-element_type=\"widget\" data-e-type=\"widget\" data-widget_type=\"heading.default\">\n\t\t\t\t<div class=\"elementor-widget-container\">\n\t\t\t\t\t<h4 class=\"elementor-heading-title elementor-size-default\">Das geht - bestelle dein Festtagsmen\u00fc im #Namenlos!<\/h4>\t\t\t\t<\/div>\n\t\t\t\t<\/div>\n\t\t\t\t<div class=\"elementor-element elementor-element-91b0e04 elementor-widget elementor-widget-spacer\" data-id=\"91b0e04\" data-element_type=\"widget\" data-e-type=\"widget\" data-widget_type=\"spacer.default\">\n\t\t\t\t<div class=\"elementor-widget-container\">\n\t\t\t\t\t\t\t<div class=\"elementor-spacer\">\n\t\t\t<div class=\"elementor-spacer-inner\"><\/div>\n\t\t<\/div>\n\t\t\t\t\t\t<\/div>\n\t\t\t\t<\/div>\n\t\t\t\t<div class=\"elementor-element elementor-element-3a28abe elementor-widget elementor-widget-text-editor\" data-id=\"3a28abe\" data-element_type=\"widget\" data-e-type=\"widget\" data-widget_type=\"text-editor.default\">\n\t\t\t\t<div class=\"elementor-widget-container\">\n\t\t\t\t\t\t\t\t\tSilvester ist der perfekte Anlass, um das Jahr genussvoll ausklingen zu lassen \u2013 am besten ohne Stress in der K\u00fcche. Genau darum k\u00fcmmern wir uns um den kulinarischen Teil. F\u00fcr Silvester bieten wir euch eine Auswahl an Gerichten und einzelnen Komponenten, aus denen ihr euch euer Men\u00fc ganz individuell zusammenstellen k\u00f6nnt. Ob gem\u00fctlich im kleinen Kreis oder als Highlight f\u00fcr eure Silvesterrunde: Ihr entscheidet, was auf den Tisch kommt \u2013 wir \u00fcbernehmen die Zubereitung.<\/p>\n&nbsp;\n<p>Alle Speisen werden frisch f\u00fcr euch vorbereitet, vakuumiert und eignen sich so ideal f\u00fcr ein entspanntes Silvesteressen zu Hause. Die Bestellung erfolgt unkompliziert \u00fcber unseren Bestellzettel, den ihr euch entweder vor Ort abholt oder online herunterladen k\u00f6nnt. Bitte beachtet, dass wir Bestellungen ausschlie\u00dflich gegen Vorkasse annehmen k\u00f6nnen.<\/p>\t\t\t\t\t\t\t\t<\/div>\n\t\t\t\t<\/div>\n\t\t<div class=\"elementor-element elementor-element-9e77f86 e-con-full e-flex e-con e-child\" data-id=\"9e77f86\" data-element_type=\"container\" data-e-type=\"container\">\n\t\t\t\t<div class=\"elementor-element elementor-element-ef4b049 elementor-align-center elementor-widget elementor-widget-button\" data-id=\"ef4b049\" data-element_type=\"widget\" data-e-type=\"widget\" data-widget_type=\"button.default\">\n\t\t\t\t<div class=\"elementor-widget-container\">\n\t\t\t\t\t\t\t\t\t<div class=\"elementor-button-wrapper\">\n\t\t\t\t\t<a class=\"elementor-button elementor-button-link elementor-size-sm\" href=\"https:\/\/namenlos-restaurant.de\/wp-content\/uploads\/2025\/11\/Namenlos-Silvester-25.pdf\">\n\t\t\t\t\t\t<span class=\"elementor-button-content-wrapper\">\n\t\t\t\t\t\t\t\t\t<span class=\"elementor-button-text\">Bestellzettel 25<\/span>\n\t\t\t\t\t<\/span>\n\t\t\t\t\t<\/a>\n\t\t\t\t<\/div>\n\t\t\t\t\t\t\t\t<\/div>\n\t\t\t\t<\/div>\n\t\t\t\t<\/div>\n\t\t\t\t<div class=\"elementor-element elementor-element-b9ce7f8 elementor-widget elementor-widget-spacer\" data-id=\"b9ce7f8\" data-element_type=\"widget\" data-e-type=\"widget\" data-widget_type=\"spacer.default\">\n\t\t\t\t<div class=\"elementor-widget-container\">\n\t\t\t\t\t\t\t<div class=\"elementor-spacer\">\n\t\t\t<div class=\"elementor-spacer-inner\"><\/div>\n\t\t<\/div>\n\t\t\t\t\t\t<\/div>\n\t\t\t\t<\/div>\n\t\t\t\t\t<\/div>\n\t\t\t\t<\/div>\n\t\t<div class=\"elementor-element elementor-element-adf1399 e-flex e-con-boxed e-con e-parent\" data-id=\"adf1399\" data-element_type=\"container\" data-e-type=\"container\">\n\t\t\t\t\t<div class=\"e-con-inner\">\n\t\t<div class=\"elementor-element elementor-element-a32e9ee e-con-full e-flex e-con e-child\" data-id=\"a32e9ee\" data-element_type=\"container\" data-e-type=\"container\">\n\t\t\t\t<div class=\"elementor-element elementor-element-50edeef elementor-widget elementor-widget-heading\" data-id=\"50edeef\" data-element_type=\"widget\" data-e-type=\"widget\" data-widget_type=\"heading.default\">\n\t\t\t\t<div class=\"elementor-widget-container\">\n\t\t\t\t\t<h3 class=\"elementor-heading-title elementor-size-default\">Hier findet ihr uns:<\/h3>\t\t\t\t<\/div>\n\t\t\t\t<\/div>\n\t\t\t\t<div class=\"elementor-element elementor-element-1d95f62 elementor-widget elementor-widget-heading\" data-id=\"1d95f62\" data-element_type=\"widget\" data-e-type=\"widget\" data-widget_type=\"heading.default\">\n\t\t\t\t<div class=\"elementor-widget-container\">\n\t\t\t\t\t<h5 class=\"elementor-heading-title elementor-size-default\">Restaurant #Namenlos<\/h5>\t\t\t\t<\/div>\n\t\t\t\t<\/div>\n\t\t\t\t<div class=\"elementor-element elementor-element-5cf995c elementor-widget elementor-widget-text-editor\" data-id=\"5cf995c\" data-element_type=\"widget\" data-e-type=\"widget\" data-widget_type=\"text-editor.default\">\n\t\t\t\t<div class=\"elementor-widget-container\">\n\t\t\t\t\t\t\t\t\t<p>L\u00fctticher Str. 1, 41748 Viersen<\/p>\t\t\t\t\t\t\t\t<\/div>\n\t\t\t\t<\/div>\n\t\t\t\t<\/div>\n\t\t<div class=\"elementor-element elementor-element-dc9b18f e-con-full e-flex e-con e-child\" data-id=\"dc9b18f\" data-element_type=\"container\" data-e-type=\"container\">\n\t\t\t\t<div class=\"elementor-element elementor-element-fa0e157 elementor-widget elementor-widget-google_maps\" data-id=\"fa0e157\" data-element_type=\"widget\" data-e-type=\"widget\" data-widget_type=\"google_maps.default\">\n\t\t\t\t<div class=\"elementor-widget-container\">\n\t\t\t\t\t\t\t<div class=\"elementor-custom-embed\">\n\t\t\t<iframe loading=\"lazy\"\n\t\t\t\t\tsrc=\"https:\/\/maps.google.com\/maps?q=Restaurant%20%23Namenlos&#038;t=m&#038;z=15&#038;output=embed&#038;iwloc=near\"\n\t\t\t\t\ttitle=\"Restaurant #Namenlos\"\n\t\t\t\t\taria-label=\"Restaurant #Namenlos\"\n\t\t\t><\/iframe>\n\t\t<\/div>\n\t\t\t\t\t\t<\/div>\n\t\t\t\t<\/div>\n\t\t\t\t<\/div>\n\t\t\t\t\t<\/div>\n\t\t\t\t<\/div>\n\t\t<div class=\"elementor-element elementor-element-e701436 e-flex e-con-boxed e-con e-parent\" data-id=\"e701436\" data-element_type=\"container\" data-e-type=\"container\">\n\t\t\t\t\t<div class=\"e-con-inner\">\n\t\t\t\t<div class=\"elementor-element elementor-element-0676a6c elementor-widget elementor-widget-spacer\" data-id=\"0676a6c\" data-element_type=\"widget\" data-e-type=\"widget\" data-widget_type=\"spacer.default\">\n\t\t\t\t<div class=\"elementor-widget-container\">\n\t\t\t\t\t\t\t<div class=\"elementor-spacer\">\n\t\t\t<div class=\"elementor-spacer-inner\"><\/div>\n\t\t<\/div>\n\t\t\t\t\t\t<\/div>\n\t\t\t\t<\/div>\n\t\t\t\t\t<\/div>\n\t\t\t\t<\/div>\n\t\t\t\t<\/div>\n\t\t","protected":false},"excerpt":{"rendered":"<p>Restaurant #Namenlos Festtagsmen\u00fc an Silvester Silvester genie\u00dfen, lecker essen und das ohne Stress und stundenlang in der K\u00fcche stehen? Das geht &#8211; bestelle dein Festtagsmen\u00fc im #Namenlos! Silvester ist der perfekte Anlass, um das Jahr genussvoll ausklingen zu lassen \u2013 am besten ohne Stress in der K\u00fcche. Genau darum k\u00fcmmern wir uns um den kulinarischen [&hellip;]<\/p>\n","protected":false},"author":3,"featured_media":0,"parent":0,"menu_order":0,"comment_status":"closed","ping_status":"closed","template":"","meta":{"site-sidebar-layout":"no-sidebar","site-content-layout":"page-builder","ast-site-content-layout":"full-width-container","site-content-style":"default","site-sidebar-style":"default","ast-global-header-display":"","ast-banner-title-visibility":"","ast-main-header-display":"","ast-hfb-above-header-display":"","ast-hfb-below-header-display":"","ast-hfb-mobile-header-display":"","site-post-title":"disabled","ast-breadcrumbs-content":"","ast-featured-img":"disabled","footer-sml-layout":"","ast-disable-related-posts":"","theme-transparent-header-meta":"","adv-header-id-meta":"","stick-header-meta":"","header-above-stick-meta":"","header-main-stick-meta":"","header-below-stick-meta":"","astra-migrate-meta-layouts":"set","ast-page-background-enabled":"default","ast-page-background-meta":{"desktop":{"background-color":"","background-image":"","background-repeat":"repeat","background-position":"center center","background-size":"auto","background-attachment":"scroll","background-type":"","background-media":"","overlay-type":"","overlay-color":"","overlay-opacity":"","overlay-gradient":""},"tablet":{"background-color":"","background-image":"","background-repeat":"repeat","background-position":"center center","background-size":"auto","background-attachment":"scroll","background-type":"","background-media":"","overlay-type":"","overlay-color":"","overlay-opacity":"","overlay-gradient":""},"mobile":{"background-color":"","background-image":"","background-repeat":"repeat","background-position":"center center","background-size":"auto","background-attachment":"scroll","background-type":"","background-media":"","overlay-type":"","overlay-color":"","overlay-opacity":"","overlay-gradient":""}},"ast-content-background-meta":{"desktop":{"background-color":"var(--ast-global-color-5)","background-image":"","background-repeat":"repeat","background-position":"center center","background-size":"auto","background-attachment":"scroll","background-type":"","background-media":"","overlay-type":"","overlay-color":"","overlay-opacity":"","overlay-gradient":""},"tablet":{"background-color":"var(--ast-global-color-5)","background-image":"","background-repeat":"repeat","background-position":"center center","background-size":"auto","background-attachment":"scroll","background-type":"","background-media":"","overlay-type":"","overlay-color":"","overlay-opacity":"","overlay-gradient":""},"mobile":{"background-color":"var(--ast-global-color-5)","background-image":"","background-repeat":"repeat","background-position":"center center","background-size":"auto","background-attachment":"scroll","background-type":"","background-media":"","overlay-type":"","overlay-color":"","overlay-opacity":"","overlay-gradient":""}},"footnotes":""},"class_list":["post-6212","page","type-page","status-publish","hentry"],"yoast_head":"<!-- This site is optimized with the Yoast SEO plugin v27.3 - https:\/\/yoast.com\/product\/yoast-seo-wordpress\/ -->\n<title>Festtagsmen\u00fc an Silvester - Restaurant #Namenlos<\/title>\n<meta name=\"robots\" content=\"index, follow, max-snippet:-1, max-image-preview:large, max-video-preview:-1\" \/>\n<link rel=\"canonical\" href=\"https:\/\/namenlos-restaurant.de\/index.php\/festtagsmenue-an-silvester\/\" \/>\n<meta property=\"og:locale\" content=\"de_DE\" \/>\n<meta property=\"og:type\" content=\"article\" \/>\n<meta property=\"og:title\" content=\"Festtagsmen\u00fc an Silvester - Restaurant #Namenlos\" \/>\n<meta property=\"og:description\" content=\"Restaurant #Namenlos Festtagsmen\u00fc an Silvester Silvester genie\u00dfen, lecker essen und das ohne Stress und stundenlang in der K\u00fcche stehen? Das geht &#8211; bestelle dein Festtagsmen\u00fc im #Namenlos! Silvester ist der perfekte Anlass, um das Jahr genussvoll ausklingen zu lassen \u2013 am besten ohne Stress in der K\u00fcche. Genau darum k\u00fcmmern wir uns um den kulinarischen [&hellip;]\" \/>\n<meta property=\"og:url\" content=\"https:\/\/namenlos-restaurant.de\/index.php\/festtagsmenue-an-silvester\/\" \/>\n<meta property=\"og:site_name\" content=\"Restaurant #Namenlos\" \/>\n<meta property=\"article:modified_time\" content=\"2026-01-14T12:16:03+00:00\" \/>\n<meta name=\"twitter:card\" content=\"summary_large_image\" \/>\n<meta name=\"twitter:label1\" content=\"Gesch\u00e4tzte Lesezeit\" \/>\n\t<meta name=\"twitter:data1\" content=\"1\u00a0Minute\" \/>\n<script type=\"application\/ld+json\" class=\"yoast-schema-graph\">{\"@context\":\"https:\\\/\\\/schema.org\",\"@graph\":[{\"@type\":\"WebPage\",\"@id\":\"https:\\\/\\\/namenlos-restaurant.de\\\/index.php\\\/festtagsmenue-an-silvester\\\/\",\"url\":\"https:\\\/\\\/namenlos-restaurant.de\\\/index.php\\\/festtagsmenue-an-silvester\\\/\",\"name\":\"Festtagsmen\u00fc an Silvester - Restaurant #Namenlos\",\"isPartOf\":{\"@id\":\"https:\\\/\\\/namenlos-restaurant.de\\\/#website\"},\"datePublished\":\"2026-01-12T12:24:24+00:00\",\"dateModified\":\"2026-01-14T12:16:03+00:00\",\"breadcrumb\":{\"@id\":\"https:\\\/\\\/namenlos-restaurant.de\\\/index.php\\\/festtagsmenue-an-silvester\\\/#breadcrumb\"},\"inLanguage\":\"de\",\"potentialAction\":[{\"@type\":\"ReadAction\",\"target\":[\"https:\\\/\\\/namenlos-restaurant.de\\\/index.php\\\/festtagsmenue-an-silvester\\\/\"]}]},{\"@type\":\"BreadcrumbList\",\"@id\":\"https:\\\/\\\/namenlos-restaurant.de\\\/index.php\\\/festtagsmenue-an-silvester\\\/#breadcrumb\",\"itemListElement\":[{\"@type\":\"ListItem\",\"position\":1,\"name\":\"Startseite\",\"item\":\"https:\\\/\\\/namenlos-restaurant.de\\\/\"},{\"@type\":\"ListItem\",\"position\":2,\"name\":\"Festtagsmen\u00fc an Silvester\"}]},{\"@type\":\"WebSite\",\"@id\":\"https:\\\/\\\/namenlos-restaurant.de\\\/#website\",\"url\":\"https:\\\/\\\/namenlos-restaurant.de\\\/\",\"name\":\"Restaurant #Namenlos\",\"description\":\"by Edeka Zielke\",\"potentialAction\":[{\"@type\":\"SearchAction\",\"target\":{\"@type\":\"EntryPoint\",\"urlTemplate\":\"https:\\\/\\\/namenlos-restaurant.de\\\/?s={search_term_string}\"},\"query-input\":{\"@type\":\"PropertyValueSpecification\",\"valueRequired\":true,\"valueName\":\"search_term_string\"}}],\"inLanguage\":\"de\"}]}<\/script>\n<!-- \/ Yoast SEO plugin. -->","yoast_head_json":{"title":"Festtagsmen\u00fc an Silvester - Restaurant #Namenlos","robots":{"index":"index","follow":"follow","max-snippet":"max-snippet:-1","max-image-preview":"max-image-preview:large","max-video-preview":"max-video-preview:-1"},"canonical":"https:\/\/namenlos-restaurant.de\/index.php\/festtagsmenue-an-silvester\/","og_locale":"de_DE","og_type":"article","og_title":"Festtagsmen\u00fc an Silvester - Restaurant #Namenlos","og_description":"Restaurant #Namenlos Festtagsmen\u00fc an Silvester Silvester genie\u00dfen, lecker essen und das ohne Stress und stundenlang in der K\u00fcche stehen? Das geht &#8211; bestelle dein Festtagsmen\u00fc im #Namenlos! Silvester ist der perfekte Anlass, um das Jahr genussvoll ausklingen zu lassen \u2013 am besten ohne Stress in der K\u00fcche. Genau darum k\u00fcmmern wir uns um den kulinarischen [&hellip;]","og_url":"https:\/\/namenlos-restaurant.de\/index.php\/festtagsmenue-an-silvester\/","og_site_name":"Restaurant #Namenlos","article_modified_time":"2026-01-14T12:16:03+00:00","twitter_card":"summary_large_image","twitter_misc":{"Gesch\u00e4tzte Lesezeit":"1\u00a0Minute"},"schema":{"@context":"https:\/\/schema.org","@graph":[{"@type":"WebPage","@id":"https:\/\/namenlos-restaurant.de\/index.php\/festtagsmenue-an-silvester\/","url":"https:\/\/namenlos-restaurant.de\/index.php\/festtagsmenue-an-silvester\/","name":"Festtagsmen\u00fc an Silvester - Restaurant #Namenlos","isPartOf":{"@id":"https:\/\/namenlos-restaurant.de\/#website"},"datePublished":"2026-01-12T12:24:24+00:00","dateModified":"2026-01-14T12:16:03+00:00","breadcrumb":{"@id":"https:\/\/namenlos-restaurant.de\/index.php\/festtagsmenue-an-silvester\/#breadcrumb"},"inLanguage":"de","potentialAction":[{"@type":"ReadAction","target":["https:\/\/namenlos-restaurant.de\/index.php\/festtagsmenue-an-silvester\/"]}]},{"@type":"BreadcrumbList","@id":"https:\/\/namenlos-restaurant.de\/index.php\/festtagsmenue-an-silvester\/#breadcrumb","itemListElement":[{"@type":"ListItem","position":1,"name":"Startseite","item":"https:\/\/namenlos-restaurant.de\/"},{"@type":"ListItem","position":2,"name":"Festtagsmen\u00fc an Silvester"}]},{"@type":"WebSite","@id":"https:\/\/namenlos-restaurant.de\/#website","url":"https:\/\/namenlos-restaurant.de\/","name":"Restaurant #Namenlos","description":"by Edeka Zielke","potentialAction":[{"@type":"SearchAction","target":{"@type":"EntryPoint","urlTemplate":"https:\/\/namenlos-restaurant.de\/?s={search_term_string}"},"query-input":{"@type":"PropertyValueSpecification","valueRequired":true,"valueName":"search_term_string"}}],"inLanguage":"de"}]}},"jetpack_sharing_enabled":true,"_links":{"self":[{"href":"https:\/\/namenlos-restaurant.de\/index.php\/wp-json\/wp\/v2\/pages\/6212","targetHints":{"allow":["GET"]}}],"collection":[{"href":"https:\/\/namenlos-restaurant.de\/index.php\/wp-json\/wp\/v2\/pages"}],"about":[{"href":"https:\/\/namenlos-restaurant.de\/index.php\/wp-json\/wp\/v2\/types\/page"}],"author":[{"embeddable":true,"href":"https:\/\/namenlos-restaurant.de\/index.php\/wp-json\/wp\/v2\/users\/3"}],"replies":[{"embeddable":true,"href":"https:\/\/namenlos-restaurant.de\/index.php\/wp-json\/wp\/v2\/comments?post=6212"}],"version-history":[{"count":0,"href":"https:\/\/namenlos-restaurant.de\/index.php\/wp-json\/wp\/v2\/pages\/6212\/revisions"}],"wp:attachment":[{"href":"https:\/\/namenlos-restaurant.de\/index.php\/wp-json\/wp\/v2\/media?parent=6212"}],"curies":[{"name":"wp","href":"https:\/\/api.w.org\/{rel}","templated":true}]}}