{"id":167,"date":"2018-10-01T13:10:05","date_gmt":"2018-10-01T13:10:05","guid":{"rendered":"https:\/\/websitedemos.net\/bbq-restaurant-04\/?page_id=7"},"modified":"2021-10-02T10:03:43","modified_gmt":"2021-10-02T10:03:43","slug":"ueber-uns","status":"publish","type":"page","link":"https:\/\/namenlos-restaurant.de\/index.php\/ueber-uns\/","title":{"rendered":"About Us"},"content":{"rendered":"\t\t<div data-elementor-type=\"wp-post\" data-elementor-id=\"167\" class=\"elementor elementor-167\" data-elementor-post-type=\"page\">\n\t\t\t\t\t\t<section class=\"elementor-section elementor-top-section elementor-element elementor-element-494f570a elementor-section-height-min-height elementor-section-content-middle elementor-section-boxed elementor-section-height-default elementor-section-items-middle\" data-id=\"494f570a\" data-element_type=\"section\" data-e-type=\"section\" data-settings=\"{&quot;background_background&quot;:&quot;classic&quot;}\">\n\t\t\t\t\t\t\t<div class=\"elementor-background-overlay\"><\/div>\n\t\t\t\t\t\t\t<div class=\"elementor-container elementor-column-gap-extended\">\n\t\t\t\t\t<div class=\"elementor-column elementor-col-100 elementor-top-column elementor-element elementor-element-7866b56d\" data-id=\"7866b56d\" data-element_type=\"column\" data-e-type=\"column\">\n\t\t\t<div class=\"elementor-widget-wrap elementor-element-populated\">\n\t\t\t\t\t\t<div class=\"elementor-element elementor-element-63ab5109 elementor-widget elementor-widget-heading\" data-id=\"63ab5109\" data-element_type=\"widget\" data-e-type=\"widget\" data-settings=\"{&quot;_animation&quot;:&quot;none&quot;}\" data-widget_type=\"heading.default\">\n\t\t\t\t<div class=\"elementor-widget-container\">\n\t\t\t\t\t<h3 class=\"elementor-heading-title elementor-size-default\">Erfahre Mehr<\/h3>\t\t\t\t<\/div>\n\t\t\t\t<\/div>\n\t\t\t\t<div class=\"elementor-element elementor-element-af74da5 elementor-widget elementor-widget-heading\" data-id=\"af74da5\" data-element_type=\"widget\" data-e-type=\"widget\" data-settings=\"{&quot;_animation&quot;:&quot;none&quot;,&quot;_animation_delay&quot;:200}\" data-widget_type=\"heading.default\">\n\t\t\t\t<div class=\"elementor-widget-container\">\n\t\t\t\t\t<h1 class=\"elementor-heading-title elementor-size-default\">\u00dcber Uns.<\/h1>\t\t\t\t<\/div>\n\t\t\t\t<\/div>\n\t\t\t\t\t<\/div>\n\t\t<\/div>\n\t\t\t\t\t<\/div>\n\t\t<\/section>\n\t\t\t\t<section class=\"elementor-section elementor-top-section elementor-element elementor-element-438be5a1 elementor-section-boxed elementor-section-height-default elementor-section-height-default\" data-id=\"438be5a1\" data-element_type=\"section\" data-e-type=\"section\" data-settings=\"{&quot;background_background&quot;:&quot;classic&quot;}\">\n\t\t\t\t\t\t<div class=\"elementor-container elementor-column-gap-no\">\n\t\t\t\t\t<div class=\"elementor-column elementor-col-100 elementor-top-column elementor-element elementor-element-7d758eb\" data-id=\"7d758eb\" data-element_type=\"column\" data-e-type=\"column\">\n\t\t\t<div class=\"elementor-widget-wrap elementor-element-populated\">\n\t\t\t\t\t\t<section class=\"elementor-section elementor-inner-section elementor-element elementor-element-8cb8660 elementor-section-content-middle elementor-section-boxed elementor-section-height-default elementor-section-height-default\" data-id=\"8cb8660\" data-element_type=\"section\" data-e-type=\"section\">\n\t\t\t\t\t\t<div class=\"elementor-container elementor-column-gap-default\">\n\t\t\t\t\t<div class=\"elementor-column elementor-col-100 elementor-inner-column elementor-element elementor-element-165d7335\" data-id=\"165d7335\" data-element_type=\"column\" data-e-type=\"column\">\n\t\t\t<div class=\"elementor-widget-wrap elementor-element-populated\">\n\t\t\t\t\t\t<div class=\"elementor-element elementor-element-6b73202e elementor-invisible elementor-widget elementor-widget-heading\" data-id=\"6b73202e\" data-element_type=\"widget\" data-e-type=\"widget\" data-settings=\"{&quot;_animation&quot;:&quot;fadeInDown&quot;}\" data-widget_type=\"heading.default\">\n\t\t\t\t<div class=\"elementor-widget-container\">\n\t\t\t\t\t<h2 class=\"elementor-heading-title elementor-size-default\">Unser Restaurant.<\/h2>\t\t\t\t<\/div>\n\t\t\t\t<\/div>\n\t\t\t\t<div class=\"elementor-element elementor-element-f0db8a8 elementor-widget elementor-widget-text-editor\" data-id=\"f0db8a8\" data-element_type=\"widget\" data-e-type=\"widget\" data-widget_type=\"text-editor.default\">\n\t\t\t\t<div class=\"elementor-widget-container\">\n\t\t\t\t\t\t\t\t\t<p>Serving good Food since 2019<\/p>\t\t\t\t\t\t\t\t<\/div>\n\t\t\t\t<\/div>\n\t\t\t\t\t<\/div>\n\t\t<\/div>\n\t\t\t\t\t<\/div>\n\t\t<\/section>\n\t\t\t\t\t<\/div>\n\t\t<\/div>\n\t\t\t\t\t<\/div>\n\t\t<\/section>\n\t\t\t\t<section class=\"elementor-section elementor-top-section elementor-element elementor-element-55eaae0 elementor-section-content-middle elementor-section-boxed elementor-section-height-default elementor-section-height-default\" data-id=\"55eaae0\" data-element_type=\"section\" data-e-type=\"section\" data-settings=\"{&quot;background_background&quot;:&quot;classic&quot;}\">\n\t\t\t\t\t\t<div class=\"elementor-container elementor-column-gap-default\">\n\t\t\t\t\t<div class=\"elementor-column elementor-col-50 elementor-top-column elementor-element elementor-element-7a086c23\" data-id=\"7a086c23\" data-element_type=\"column\" data-e-type=\"column\">\n\t\t\t<div class=\"elementor-widget-wrap elementor-element-populated\">\n\t\t\t\t\t\t<div class=\"elementor-element elementor-element-7270e588 elementor-invisible elementor-widget elementor-widget-heading\" data-id=\"7270e588\" data-element_type=\"widget\" data-e-type=\"widget\" data-settings=\"{&quot;_animation&quot;:&quot;fadeInDown&quot;}\" data-widget_type=\"heading.default\">\n\t\t\t\t<div class=\"elementor-widget-container\">\n\t\t\t\t\t<h2 class=\"elementor-heading-title elementor-size-default\">Die Idee<\/h2>\t\t\t\t<\/div>\n\t\t\t\t<\/div>\n\t\t\t\t<div class=\"elementor-element elementor-element-14f97bd7 elementor-widget elementor-widget-text-editor\" data-id=\"14f97bd7\" data-element_type=\"widget\" data-e-type=\"widget\" data-widget_type=\"text-editor.default\">\n\t\t\t\t<div class=\"elementor-widget-container\">\n\t\t\t\t\t\t\t\t\t<p>Wir m\u00f6chten Dein Einkaufserlebnis bei uns mit einer gastronomischen Erfahrung verbinden. Du sollst bei uns die M\u00f6glichkeit haben, Lebensmittel in Ihrer nat\u00fcrlichen Vielf\u00e4ltigkeit und all Ihren M\u00f6glichkeiten zu erleben.<\/p><p>Gastronomie und Lebensmittelhandel beide zusammen, passen wie Arsch auf Eimer und bilden zusammen ein v\u00f6llig neues Erlebnis, welches Deinen Einkauf bei uns unvergesslich machen wird. Wir haben es uns zur Aufgabe gemacht Einkaufen von einer l\u00e4stigen T\u00e4tigkeit in ein Erlebnis der besonderen Art zu wandeln. Nimm Dir die Zeit bei uns und lass Dich von uns verw\u00f6hnen. Entdecke Lebensmittel v\u00f6llig neu auf der Verkaufsfl\u00e4che wie auch in unserem Restaurant #Namenlos.<\/p>\t\t\t\t\t\t\t\t<\/div>\n\t\t\t\t<\/div>\n\t\t\t\t<div class=\"elementor-element elementor-element-c7234ac elementor-widget elementor-widget-spacer\" data-id=\"c7234ac\" data-element_type=\"widget\" data-e-type=\"widget\" data-widget_type=\"spacer.default\">\n\t\t\t\t<div class=\"elementor-widget-container\">\n\t\t\t\t\t\t\t<div class=\"elementor-spacer\">\n\t\t\t<div class=\"elementor-spacer-inner\"><\/div>\n\t\t<\/div>\n\t\t\t\t\t\t<\/div>\n\t\t\t\t<\/div>\n\t\t\t\t\t<\/div>\n\t\t<\/div>\n\t\t\t\t<div class=\"elementor-column elementor-col-50 elementor-top-column elementor-element elementor-element-a7dedbf\" data-id=\"a7dedbf\" data-element_type=\"column\" data-e-type=\"column\">\n\t\t\t<div class=\"elementor-widget-wrap elementor-element-populated\">\n\t\t\t\t\t\t<div class=\"elementor-element elementor-element-9514132 elementor-widget elementor-widget-image\" data-id=\"9514132\" data-element_type=\"widget\" data-e-type=\"widget\" data-widget_type=\"image.default\">\n\t\t\t\t<div class=\"elementor-widget-container\">\n\t\t\t\t\t\t\t\t\t\t\t\t\t\t\t<img fetchpriority=\"high\" decoding=\"async\" width=\"720\" height=\"900\" src=\"https:\/\/namenlos-restaurant.de\/wp-content\/uploads\/2021\/08\/restaurant_namenlos_17.8.2021_13ccb6faa5b916c.jpg\" class=\"attachment-large size-large wp-image-2838\" alt=\"\" \/>\t\t\t\t\t\t\t\t\t\t\t\t\t\t\t<\/div>\n\t\t\t\t<\/div>\n\t\t\t\t\t<\/div>\n\t\t<\/div>\n\t\t\t\t\t<\/div>\n\t\t<\/section>\n\t\t\t\t<section class=\"elementor-section elementor-top-section elementor-element elementor-element-75247e86 elementor-section-boxed elementor-section-height-default elementor-section-height-default\" data-id=\"75247e86\" data-element_type=\"section\" data-e-type=\"section\" data-settings=\"{&quot;background_background&quot;:&quot;classic&quot;}\">\n\t\t\t\t\t\t\t<div class=\"elementor-background-overlay\"><\/div>\n\t\t\t\t\t\t\t<div class=\"elementor-container elementor-column-gap-wider\">\n\t\t\t\t\t<div class=\"elementor-column elementor-col-100 elementor-top-column elementor-element elementor-element-59a5c679\" data-id=\"59a5c679\" data-element_type=\"column\" data-e-type=\"column\">\n\t\t\t<div class=\"elementor-widget-wrap elementor-element-populated\">\n\t\t\t\t\t\t<div class=\"elementor-element elementor-element-4fc76d9 elementor-invisible elementor-widget elementor-widget-heading\" data-id=\"4fc76d9\" data-element_type=\"widget\" data-e-type=\"widget\" data-settings=\"{&quot;_animation&quot;:&quot;fadeInDown&quot;}\" data-widget_type=\"heading.default\">\n\t\t\t\t<div class=\"elementor-widget-container\">\n\t\t\t\t\t<h2 class=\"elementor-heading-title elementor-size-default\">Das Ambiente<\/h2>\t\t\t\t<\/div>\n\t\t\t\t<\/div>\n\t\t\t\t<div class=\"elementor-element elementor-element-7debbe47 elementor-invisible elementor-widget elementor-widget-text-editor\" data-id=\"7debbe47\" data-element_type=\"widget\" data-e-type=\"widget\" data-settings=\"{&quot;_animation&quot;:&quot;fadeInUp&quot;,&quot;_animation_delay&quot;:200}\" data-widget_type=\"text-editor.default\">\n\t\t\t\t<div class=\"elementor-widget-container\">\n\t\t\t\t\t\t\t\t\t<p>In unserem Restaurant #Namenlos treffen verschiedenste Stile aufeinander. Wir m\u00f6chten uns bewusst vom g\u00e4ngigen Standard absetzen und machen auch hier einiges auf unsere eigene Art &amp; Weise.<\/p>\n<p>Verschaffe Dir selbst einen Eindruck. Hier trifft alt auf neu, modern korreliert mit vintage, Du wirst Rustikale Elemente finden, aber auch moderne entdecken. Auch f\u00fcr unseren Stil m\u00f6chten wir keinen Namen verwenden &#8211; er ist so speziell, wir haben ihn #Namenlos Stil getauft.<\/p>\t\t\t\t\t\t\t\t<\/div>\n\t\t\t\t<\/div>\n\t\t\t\t\t<\/div>\n\t\t<\/div>\n\t\t\t\t\t<\/div>\n\t\t<\/section>\n\t\t\t\t<section class=\"elementor-section elementor-top-section elementor-element elementor-element-74946e45 elementor-section-boxed elementor-section-height-default elementor-section-height-default\" data-id=\"74946e45\" data-element_type=\"section\" data-e-type=\"section\" data-settings=\"{&quot;background_background&quot;:&quot;classic&quot;}\">\n\t\t\t\t\t\t<div class=\"elementor-container elementor-column-gap-no\">\n\t\t\t\t\t<div class=\"elementor-column elementor-col-50 elementor-top-column elementor-element elementor-element-7152eca\" data-id=\"7152eca\" data-element_type=\"column\" data-e-type=\"column\">\n\t\t\t<div class=\"elementor-widget-wrap elementor-element-populated\">\n\t\t\t\t\t\t<div class=\"elementor-element elementor-element-6ebdf735 elementor-position-top elementor-widget elementor-widget-image-box\" data-id=\"6ebdf735\" data-element_type=\"widget\" data-e-type=\"widget\" data-widget_type=\"image-box.default\">\n\t\t\t\t<div class=\"elementor-widget-container\">\n\t\t\t\t\t<div class=\"elementor-image-box-wrapper\"><figure class=\"elementor-image-box-img\"><img decoding=\"async\" src=\"https:\/\/namenlos-restaurant.de\/wp-content\/uploads\/2019\/04\/DSC6661.jpg\" title=\"\" alt=\"\" loading=\"lazy\" \/><\/figure><div class=\"elementor-image-box-content\"><h3 class=\"elementor-image-box-title\">Daniel Nawrocki<\/h3><p class=\"elementor-image-box-description\">Restaurantleiter<\/p><\/div><\/div>\t\t\t\t<\/div>\n\t\t\t\t<\/div>\n\t\t\t\t<div class=\"elementor-element elementor-element-8102d29 elementor-widget elementor-widget-image\" data-id=\"8102d29\" data-element_type=\"widget\" data-e-type=\"widget\" data-widget_type=\"image.default\">\n\t\t\t\t<div class=\"elementor-widget-container\">\n\t\t\t\t\t\t\t\t\t\t\t\t\t\t\t<img decoding=\"async\" width=\"1024\" height=\"1024\" src=\"https:\/\/namenlos-restaurant.de\/wp-content\/uploads\/2021\/08\/restaurant_namenlos_17.8.2021_a7b4b7a4b7d8d35.jpg\" class=\"attachment-large size-large wp-image-2871\" alt=\"\" srcset=\"https:\/\/namenlos-restaurant.de\/wp-content\/uploads\/2021\/08\/restaurant_namenlos_17.8.2021_a7b4b7a4b7d8d35.jpg 300w, https:\/\/namenlos-restaurant.de\/wp-content\/uploads\/2021\/08\/restaurant_namenlos_17.8.2021_a7b4b7a4b7d8d35.jpg 1024w, https:\/\/namenlos-restaurant.de\/wp-content\/uploads\/2021\/08\/restaurant_namenlos_17.8.2021_a7b4b7a4b7d8d35.jpg 150w, https:\/\/namenlos-restaurant.de\/wp-content\/uploads\/2021\/08\/restaurant_namenlos_17.8.2021_a7b4b7a4b7d8d35.jpg 768w\" sizes=\"(max-width: 1000px) 100vw, 1000px\" \/>\t\t\t\t\t\t\t\t\t\t\t\t\t\t\t<\/div>\n\t\t\t\t<\/div>\n\t\t\t\t\t<\/div>\n\t\t<\/div>\n\t\t\t\t<div class=\"elementor-column elementor-col-50 elementor-top-column elementor-element elementor-element-acabc92\" data-id=\"acabc92\" data-element_type=\"column\" data-e-type=\"column\">\n\t\t\t<div class=\"elementor-widget-wrap elementor-element-populated\">\n\t\t\t\t\t\t<div class=\"elementor-element elementor-element-fa935b9 elementor-position-top elementor-widget elementor-widget-image-box\" data-id=\"fa935b9\" data-element_type=\"widget\" data-e-type=\"widget\" data-widget_type=\"image-box.default\">\n\t\t\t\t<div class=\"elementor-widget-container\">\n\t\t\t\t\t<div class=\"elementor-image-box-wrapper\"><figure class=\"elementor-image-box-img\"><img decoding=\"async\" src=\"https:\/\/namenlos-restaurant.de\/wp-content\/uploads\/2019\/04\/DSC6661.jpg\" title=\"\" alt=\"\" loading=\"lazy\" \/><\/figure><div class=\"elementor-image-box-content\"><h3 class=\"elementor-image-box-title\">Barbara Curvers<\/h3><p class=\"elementor-image-box-description\">K\u00fcchenchefin<\/p><\/div><\/div>\t\t\t\t<\/div>\n\t\t\t\t<\/div>\n\t\t\t\t<div class=\"elementor-element elementor-element-c727ad2 elementor-widget elementor-widget-image\" data-id=\"c727ad2\" data-element_type=\"widget\" data-e-type=\"widget\" data-widget_type=\"image.default\">\n\t\t\t\t<div class=\"elementor-widget-container\">\n\t\t\t\t\t\t\t\t\t\t\t\t\t\t\t<img decoding=\"async\" width=\"1024\" height=\"1024\" src=\"https:\/\/namenlos-restaurant.de\/wp-content\/uploads\/2021\/10\/IMG_0633-Edit-scaled.jpg\" class=\"attachment-large size-large wp-image-3139\" alt=\"\" srcset=\"https:\/\/namenlos-restaurant.de\/wp-content\/uploads\/2021\/10\/IMG_0633-Edit-scaled.jpg 300w, https:\/\/namenlos-restaurant.de\/wp-content\/uploads\/2021\/10\/IMG_0633-Edit-scaled.jpg 1024w, https:\/\/namenlos-restaurant.de\/wp-content\/uploads\/2021\/10\/IMG_0633-Edit-scaled.jpg 150w, https:\/\/namenlos-restaurant.de\/wp-content\/uploads\/2021\/10\/IMG_0633-Edit-scaled.jpg 768w, https:\/\/namenlos-restaurant.de\/wp-content\/uploads\/2021\/10\/IMG_0633-Edit-scaled.jpg 2048w\" sizes=\"(max-width: 1000px) 100vw, 1000px\" \/>\t\t\t\t\t\t\t\t\t\t\t\t\t\t\t<\/div>\n\t\t\t\t<\/div>\n\t\t\t\t\t<\/div>\n\t\t<\/div>\n\t\t\t\t\t<\/div>\n\t\t<\/section>\n\t\t\t\t<\/div>\n\t\t","protected":false},"excerpt":{"rendered":"<p>Erfahre Mehr \u00dcber Uns. Unser Restaurant. Serving good Food since 2019 Die Idee Wir m\u00f6chten Dein Einkaufserlebnis bei uns mit einer gastronomischen Erfahrung verbinden. Du sollst bei uns die M\u00f6glichkeit haben, Lebensmittel in Ihrer nat\u00fcrlichen Vielf\u00e4ltigkeit und all Ihren M\u00f6glichkeiten zu erleben. Gastronomie und Lebensmittelhandel beide zusammen, passen wie Arsch auf Eimer und bilden zusammen [&hellip;]<\/p>\n","protected":false},"author":2,"featured_media":0,"parent":0,"menu_order":0,"comment_status":"closed","ping_status":"closed","template":"","meta":{"site-sidebar-layout":"no-sidebar","site-content-layout":"page-builder","ast-site-content-layout":"default","site-content-style":"default","site-sidebar-style":"default","ast-global-header-display":"","ast-banner-title-visibility":"","ast-main-header-display":"","ast-hfb-above-header-display":"","ast-hfb-below-header-display":"","ast-hfb-mobile-header-display":"","site-post-title":"disabled","ast-breadcrumbs-content":"","ast-featured-img":"disabled","footer-sml-layout":"","ast-disable-related-posts":"","theme-transparent-header-meta":"default","adv-header-id-meta":"","stick-header-meta":"","header-above-stick-meta":"","header-main-stick-meta":"","header-below-stick-meta":"","astra-migrate-meta-layouts":"default","ast-page-background-enabled":"default","ast-page-background-meta":{"desktop":{"background-color":"","background-image":"","background-repeat":"repeat","background-position":"center center","background-size":"auto","background-attachment":"scroll","background-type":"","background-media":"","overlay-type":"","overlay-color":"","overlay-opacity":"","overlay-gradient":""},"tablet":{"background-color":"","background-image":"","background-repeat":"repeat","background-position":"center center","background-size":"auto","background-attachment":"scroll","background-type":"","background-media":"","overlay-type":"","overlay-color":"","overlay-opacity":"","overlay-gradient":""},"mobile":{"background-color":"","background-image":"","background-repeat":"repeat","background-position":"center center","background-size":"auto","background-attachment":"scroll","background-type":"","background-media":"","overlay-type":"","overlay-color":"","overlay-opacity":"","overlay-gradient":""}},"ast-content-background-meta":{"desktop":{"background-color":"var(--ast-global-color-5)","background-image":"","background-repeat":"repeat","background-position":"center center","background-size":"auto","background-attachment":"scroll","background-type":"","background-media":"","overlay-type":"","overlay-color":"","overlay-opacity":"","overlay-gradient":""},"tablet":{"background-color":"var(--ast-global-color-5)","background-image":"","background-repeat":"repeat","background-position":"center center","background-size":"auto","background-attachment":"scroll","background-type":"","background-media":"","overlay-type":"","overlay-color":"","overlay-opacity":"","overlay-gradient":""},"mobile":{"background-color":"var(--ast-global-color-5)","background-image":"","background-repeat":"repeat","background-position":"center center","background-size":"auto","background-attachment":"scroll","background-type":"","background-media":"","overlay-type":"","overlay-color":"","overlay-opacity":"","overlay-gradient":""}},"footnotes":""},"class_list":["post-167","page","type-page","status-publish","hentry"],"yoast_head":"<!-- This site is optimized with the Yoast SEO plugin v27.3 - https:\/\/yoast.com\/product\/yoast-seo-wordpress\/ -->\n<title>Restaurant #Namenlos | Viersen | Erlebnisgastronomie<\/title>\n<meta name=\"description\" content=\"Erfahre mehr \u00fcber uns &amp; unsere Idee | Wir laden dich ein auf eine Reise durch die Welt der frischen Lebensmittel | Wir freuen uns auf deinen Besuch.\" \/>\n<meta name=\"robots\" content=\"index, follow, max-snippet:-1, max-image-preview:large, max-video-preview:-1\" \/>\n<link rel=\"canonical\" href=\"https:\/\/namenlos-restaurant.de\/index.php\/ueber-uns\/\" \/>\n<meta property=\"og:locale\" content=\"de_DE\" \/>\n<meta property=\"og:type\" content=\"article\" \/>\n<meta property=\"og:title\" content=\"Restaurant #Namenlos | Viersen | Erlebnisgastronomie\" \/>\n<meta property=\"og:description\" content=\"Erfahre mehr \u00fcber uns &amp; unsere Idee | Wir laden dich ein auf eine Reise durch die Welt der frischen Lebensmittel | Wir freuen uns auf deinen Besuch.\" \/>\n<meta property=\"og:url\" content=\"https:\/\/namenlos-restaurant.de\/index.php\/ueber-uns\/\" \/>\n<meta property=\"og:site_name\" content=\"Restaurant #Namenlos\" \/>\n<meta property=\"article:modified_time\" content=\"2021-10-02T10:03:43+00:00\" \/>\n<meta property=\"og:image\" content=\"https:\/\/namenlos-restaurant.de\/wp-content\/uploads\/2021\/08\/restaurant_namenlos_17.8.2021_13ccb6faa5b916c.jpg\" \/>\n<meta name=\"twitter:card\" content=\"summary_large_image\" \/>\n<meta name=\"twitter:label1\" content=\"Gesch\u00e4tzte Lesezeit\" \/>\n\t<meta name=\"twitter:data1\" content=\"2\u00a0Minuten\" \/>\n<script type=\"application\/ld+json\" class=\"yoast-schema-graph\">{\"@context\":\"https:\\\/\\\/schema.org\",\"@graph\":[{\"@type\":\"WebPage\",\"@id\":\"https:\\\/\\\/namenlos-restaurant.de\\\/index.php\\\/ueber-uns\\\/\",\"url\":\"https:\\\/\\\/namenlos-restaurant.de\\\/index.php\\\/ueber-uns\\\/\",\"name\":\"Restaurant #Namenlos | Viersen | Erlebnisgastronomie\",\"isPartOf\":{\"@id\":\"https:\\\/\\\/namenlos-restaurant.de\\\/#website\"},\"primaryImageOfPage\":{\"@id\":\"https:\\\/\\\/namenlos-restaurant.de\\\/index.php\\\/ueber-uns\\\/#primaryimage\"},\"image\":{\"@id\":\"https:\\\/\\\/namenlos-restaurant.de\\\/index.php\\\/ueber-uns\\\/#primaryimage\"},\"thumbnailUrl\":\"https:\\\/\\\/namenlos-restaurant.de\\\/wp-content\\\/uploads\\\/2021\\\/08\\\/restaurant_namenlos_17.8.2021_13ccb6faa5b916c.jpg\",\"datePublished\":\"2018-10-01T13:10:05+00:00\",\"dateModified\":\"2021-10-02T10:03:43+00:00\",\"description\":\"Erfahre mehr \u00fcber uns & unsere Idee | Wir laden dich ein auf eine Reise durch die Welt der frischen Lebensmittel | Wir freuen uns auf deinen Besuch.\",\"breadcrumb\":{\"@id\":\"https:\\\/\\\/namenlos-restaurant.de\\\/index.php\\\/ueber-uns\\\/#breadcrumb\"},\"inLanguage\":\"de\",\"potentialAction\":[{\"@type\":\"ReadAction\",\"target\":[\"https:\\\/\\\/namenlos-restaurant.de\\\/index.php\\\/ueber-uns\\\/\"]}]},{\"@type\":\"ImageObject\",\"inLanguage\":\"de\",\"@id\":\"https:\\\/\\\/namenlos-restaurant.de\\\/index.php\\\/ueber-uns\\\/#primaryimage\",\"url\":\"https:\\\/\\\/namenlos-restaurant.de\\\/wp-content\\\/uploads\\\/2021\\\/08\\\/restaurant_namenlos_17.8.2021_13ccb6faa5b916c.jpg\",\"contentUrl\":\"https:\\\/\\\/namenlos-restaurant.de\\\/wp-content\\\/uploads\\\/2021\\\/08\\\/restaurant_namenlos_17.8.2021_13ccb6faa5b916c.jpg\",\"width\":720,\"height\":900},{\"@type\":\"BreadcrumbList\",\"@id\":\"https:\\\/\\\/namenlos-restaurant.de\\\/index.php\\\/ueber-uns\\\/#breadcrumb\",\"itemListElement\":[{\"@type\":\"ListItem\",\"position\":1,\"name\":\"Startseite\",\"item\":\"https:\\\/\\\/namenlos-restaurant.de\\\/\"},{\"@type\":\"ListItem\",\"position\":2,\"name\":\"About Us\"}]},{\"@type\":\"WebSite\",\"@id\":\"https:\\\/\\\/namenlos-restaurant.de\\\/#website\",\"url\":\"https:\\\/\\\/namenlos-restaurant.de\\\/\",\"name\":\"Restaurant #Namenlos\",\"description\":\"by Edeka Zielke\",\"potentialAction\":[{\"@type\":\"SearchAction\",\"target\":{\"@type\":\"EntryPoint\",\"urlTemplate\":\"https:\\\/\\\/namenlos-restaurant.de\\\/?s={search_term_string}\"},\"query-input\":{\"@type\":\"PropertyValueSpecification\",\"valueRequired\":true,\"valueName\":\"search_term_string\"}}],\"inLanguage\":\"de\"}]}<\/script>\n<!-- \/ Yoast SEO plugin. -->","yoast_head_json":{"title":"Restaurant #Namenlos | Viersen | Erlebnisgastronomie","description":"Erfahre mehr \u00fcber uns & unsere Idee | Wir laden dich ein auf eine Reise durch die Welt der frischen Lebensmittel | Wir freuen uns auf deinen Besuch.","robots":{"index":"index","follow":"follow","max-snippet":"max-snippet:-1","max-image-preview":"max-image-preview:large","max-video-preview":"max-video-preview:-1"},"canonical":"https:\/\/namenlos-restaurant.de\/index.php\/ueber-uns\/","og_locale":"de_DE","og_type":"article","og_title":"Restaurant #Namenlos | Viersen | Erlebnisgastronomie","og_description":"Erfahre mehr \u00fcber uns & unsere Idee | Wir laden dich ein auf eine Reise durch die Welt der frischen Lebensmittel | Wir freuen uns auf deinen Besuch.","og_url":"https:\/\/namenlos-restaurant.de\/index.php\/ueber-uns\/","og_site_name":"Restaurant #Namenlos","article_modified_time":"2021-10-02T10:03:43+00:00","og_image":[{"url":"https:\/\/namenlos-restaurant.de\/wp-content\/uploads\/2021\/08\/restaurant_namenlos_17.8.2021_13ccb6faa5b916c.jpg","type":"","width":"","height":""}],"twitter_card":"summary_large_image","twitter_misc":{"Gesch\u00e4tzte Lesezeit":"2\u00a0Minuten"},"schema":{"@context":"https:\/\/schema.org","@graph":[{"@type":"WebPage","@id":"https:\/\/namenlos-restaurant.de\/index.php\/ueber-uns\/","url":"https:\/\/namenlos-restaurant.de\/index.php\/ueber-uns\/","name":"Restaurant #Namenlos | Viersen | Erlebnisgastronomie","isPartOf":{"@id":"https:\/\/namenlos-restaurant.de\/#website"},"primaryImageOfPage":{"@id":"https:\/\/namenlos-restaurant.de\/index.php\/ueber-uns\/#primaryimage"},"image":{"@id":"https:\/\/namenlos-restaurant.de\/index.php\/ueber-uns\/#primaryimage"},"thumbnailUrl":"https:\/\/namenlos-restaurant.de\/wp-content\/uploads\/2021\/08\/restaurant_namenlos_17.8.2021_13ccb6faa5b916c.jpg","datePublished":"2018-10-01T13:10:05+00:00","dateModified":"2021-10-02T10:03:43+00:00","description":"Erfahre mehr \u00fcber uns & unsere Idee | Wir laden dich ein auf eine Reise durch die Welt der frischen Lebensmittel | Wir freuen uns auf deinen Besuch.","breadcrumb":{"@id":"https:\/\/namenlos-restaurant.de\/index.php\/ueber-uns\/#breadcrumb"},"inLanguage":"de","potentialAction":[{"@type":"ReadAction","target":["https:\/\/namenlos-restaurant.de\/index.php\/ueber-uns\/"]}]},{"@type":"ImageObject","inLanguage":"de","@id":"https:\/\/namenlos-restaurant.de\/index.php\/ueber-uns\/#primaryimage","url":"https:\/\/namenlos-restaurant.de\/wp-content\/uploads\/2021\/08\/restaurant_namenlos_17.8.2021_13ccb6faa5b916c.jpg","contentUrl":"https:\/\/namenlos-restaurant.de\/wp-content\/uploads\/2021\/08\/restaurant_namenlos_17.8.2021_13ccb6faa5b916c.jpg","width":720,"height":900},{"@type":"BreadcrumbList","@id":"https:\/\/namenlos-restaurant.de\/index.php\/ueber-uns\/#breadcrumb","itemListElement":[{"@type":"ListItem","position":1,"name":"Startseite","item":"https:\/\/namenlos-restaurant.de\/"},{"@type":"ListItem","position":2,"name":"About Us"}]},{"@type":"WebSite","@id":"https:\/\/namenlos-restaurant.de\/#website","url":"https:\/\/namenlos-restaurant.de\/","name":"Restaurant #Namenlos","description":"by Edeka Zielke","potentialAction":[{"@type":"SearchAction","target":{"@type":"EntryPoint","urlTemplate":"https:\/\/namenlos-restaurant.de\/?s={search_term_string}"},"query-input":{"@type":"PropertyValueSpecification","valueRequired":true,"valueName":"search_term_string"}}],"inLanguage":"de"}]}},"jetpack_sharing_enabled":true,"_links":{"self":[{"href":"https:\/\/namenlos-restaurant.de\/index.php\/wp-json\/wp\/v2\/pages\/167","targetHints":{"allow":["GET"]}}],"collection":[{"href":"https:\/\/namenlos-restaurant.de\/index.php\/wp-json\/wp\/v2\/pages"}],"about":[{"href":"https:\/\/namenlos-restaurant.de\/index.php\/wp-json\/wp\/v2\/types\/page"}],"author":[{"embeddable":true,"href":"https:\/\/namenlos-restaurant.de\/index.php\/wp-json\/wp\/v2\/users\/2"}],"replies":[{"embeddable":true,"href":"https:\/\/namenlos-restaurant.de\/index.php\/wp-json\/wp\/v2\/comments?post=167"}],"version-history":[{"count":0,"href":"https:\/\/namenlos-restaurant.de\/index.php\/wp-json\/wp\/v2\/pages\/167\/revisions"}],"wp:attachment":[{"href":"https:\/\/namenlos-restaurant.de\/index.php\/wp-json\/wp\/v2\/media?parent=167"}],"curies":[{"name":"wp","href":"https:\/\/api.w.org\/{rel}","templated":true}]}}