{"id":166,"date":"2018-10-01T13:09:39","date_gmt":"2018-10-01T13:09:39","guid":{"rendered":"https:\/\/websitedemos.net\/bbq-restaurant-04\/?page_id=6"},"modified":"2026-03-23T16:44:40","modified_gmt":"2026-03-23T15:44:40","slug":"home","status":"publish","type":"page","link":"https:\/\/namenlos-restaurant.de\/","title":{"rendered":"Home"},"content":{"rendered":"<p>We Love Food<\/p>\n<p>Leckere Gerichte im Guerilla Stil.<\/p>\n<h3>Restaurant<\/h3>\n<h1>#Namenlos<\/h1>\n<p>Restaurant in Viersen by Zielke&#8217;s Guerilla K\u00fcche<\/p>\n<p>\t\t\t\t\t<a href=\"https:\/\/namenlos-restaurant.de\/index.php\/unsere-events\/\"><br \/>\n\t\t\t\t\t\t\t\t\tEvents<br \/>\n\t\t\t\t\t<\/a><br \/>\n\t\t\t\t\t<a href=\"https:\/\/namenlos-restaurant.de\/wp-content\/uploads\/2026\/03\/Speisekarte-Namenlos-Fruehling.pdf\" target=\"_blank\"><br \/>\n\t\t\t\t\t\t\t\t\tSpeisekarte<br \/>\n\t\t\t\t\t<\/a><\/p>\n<p>Burning Flavor<\/p>\n<p>Mit Liebe zum Detail zubereitet und serviert.\t\t<\/p>\n<h2>Unsere verschiedenen Events<\/h2>\n<p>F\u00fcr jeden Anlass das richtige Ambiente und die passende K\u00fcche<\/p>\n<h3>\n\t\t\t\t\t\t\t\tTrashy X-Mas und Trash Island\t\t\t\t\t\t\t<\/h3>\n<p>\t\t\t\t\t\t\tIm Sommer und Winter kommen Budda und Steez ins #Drau\u00dfen und bringen Euch die beste Trash-Musik &#8211; alles unter freiem Himmel und bei bestem Wetter, leckeren Getr\u00e4nken und gutem Essen.\t\t\t\t\t\t<\/p>\n<h3>\n\t\t\t\t\t\t\t\tAll You Can Eat Events\t\t\t\t\t\t\t<\/h3>\n<p>\t\t\t\t\t\t\tZweimal im Monat findet unser Gambas All You Can Eat statt und zus\u00e4tzlich dazu auch einmal im Monat unser Spare Ribs All You Can Eat.\t\t\t\t\t\t<\/p>\n<h3>\n\t\t\t\t\t\t\t\tTastings\t\t\t\t\t\t\t<\/h3>\n<p>\t\t\t\t\t\t\tGemeinsam mit wechselnden Partnern nehmen wir euch mit auf genussvolle Entdeckungsreisen, bei denen Probieren, Austausch und entspannte Atmosph\u00e4re im Mittelpunkt stehen.\t\t\t\t\t\t<\/p>\n<h3>\n\t\t\t\t\t\t\t\tTrashdance 90s-2000s \u200b\t\t\t\t\t\t\t<\/h3>\n<p>\t\t\t\t\t\t\tDu liebst 90er, 2000er und den besten Trash der Musikgeschichte? Dann ist die Trashdance 90s-2000s Open Air an der Melcherstiege genau das Richtige f\u00fcr Dich!\u00a0<br \/>\n\t\t\t\t\t<a href=\"https:\/\/namenlos-restaurant.de\/index.php\/unsere-events\/\"><br \/>\n\t\t\t\t\t\t\t\t\tMehr infos<br \/>\n\t\t\t\t\t<\/a><\/p>\n<h2>Was uns  besonders  macht&#8230;<\/h2>\n<p>\t\t\t\t\t\t\t\t\t\t\t\t\t\t\t<img loading=\"lazy\" decoding=\"async\" width=\"720\" height=\"900\" src=\"https:\/\/namenlos-restaurant.de\/wp-content\/uploads\/2021\/08\/restaurant_namenlos_17.8.2021_13ccb6faa5b916c.jpg\" alt=\"\" \/>\t\t\t\t\t\t\t\t\t\t\t\t\t\t\t<\/p>\n<p>&#8230; Kinder unter 6 essen gratis<\/p>\n<p>\t\t\t\t\t\t\t\t\t\t\t\t\t\t\t<img loading=\"lazy\" decoding=\"async\" width=\"1000\" height=\"1250\" src=\"https:\/\/namenlos-restaurant.de\/wp-content\/uploads\/2026\/01\/Unsere-Events.png\" alt=\"\" \/>\t\t\t\t\t\t\t\t\t\t\t\t\t\t\t<\/p>\n<p>&#8230; unsere Events<\/p>\n<p>\t\t\t\t\t<a href=\"https:\/\/namenlos-restaurant.de\/index.php\/unsere-events\/\"><br \/>\n\t\t\t\t\t\t\t\t\tMehr erfahren<br \/>\n\t\t\t\t\t<\/a><br \/>\n\t\t\t\t\t\t\t\t\t\t\t\t\t\t\t<img loading=\"lazy\" decoding=\"async\" width=\"1000\" height=\"1250\" src=\"https:\/\/namenlos-restaurant.de\/wp-content\/uploads\/2026\/01\/Food-Truck.png\" alt=\"\" \/>\t\t\t\t\t\t\t\t\t\t\t\t\t\t\t<\/p>\n<p>&#8230; unser Catering<\/p>\n<p>\t\t\t\t\t<a href=\"https:\/\/guerilla-kueche.de\/?page_id=13\"><br \/>\n\t\t\t\t\t\t\t\t\tMehr erfahren<br \/>\n\t\t\t\t\t<\/a><br \/>\n\t\t\t\t\t\t\t\t\t\t\t\t\t\t\t<img loading=\"lazy\" decoding=\"async\" width=\"1000\" height=\"1250\" src=\"https:\/\/namenlos-restaurant.de\/wp-content\/uploads\/2026\/01\/Feiern.png\" alt=\"\" \/>\t\t\t\t\t\t\t\t\t\t\t\t\t\t\t<\/p>\n<p>&#8230; du kannst uns mieten<\/p>\n<p>\t\t\t\t\t<a href=\"https:\/\/namenlos-restaurant.de\/index.php\/feiern-in-restaurant-namenlos\/\"><br \/>\n\t\t\t\t\t\t\t\t\tMehr erfahren<br \/>\n\t\t\t\t\t<\/a><br \/>\n\t\t\t\t\t\t\t\t\t\t\t\t\t\t\t<img loading=\"lazy\" decoding=\"async\" width=\"1000\" height=\"1250\" src=\"https:\/\/namenlos-restaurant.de\/wp-content\/uploads\/2026\/01\/Tante-Anna.png\" alt=\"\" \/>\t\t\t\t\t\t\t\t\t\t\t\t\t\t\t<\/p>\n<p>&#8230; das Caf\u00e9 Tante Anna<\/p>\n<p>\t\t\t\t\t<a href=\"https:\/\/guerilla-kueche.de\/?page_id=1454\"><br \/>\n\t\t\t\t\t\t\t\t\tMehr erfahren<br \/>\n\t\t\t\t\t<\/a><br \/>\n\t\t\t\t\t\t\t\t\t\t\t\t\t\t\t<img loading=\"lazy\" decoding=\"async\" width=\"1000\" height=\"1250\" src=\"https:\/\/namenlos-restaurant.de\/wp-content\/uploads\/2026\/01\/Festtagsmenue-1.png\" alt=\"\" \/>\t\t\t\t\t\t\t\t\t\t\t\t\t\t\t<\/p>\n<p>&#8230; unser Festtagsmen\u00fc<\/p>\n<p>\t\t\t\t\t<a href=\"https:\/\/namenlos-restaurant.de\/index.php\/festtagsmenu\/\"><br \/>\n\t\t\t\t\t\t\t\t\tMehr erfahren<br \/>\n\t\t\t\t\t<\/a><br \/>\n\t\t\t\t\t\t\t\t\t\t\t\t\t\t\t<img loading=\"lazy\" decoding=\"async\" width=\"1000\" height=\"1250\" src=\"https:\/\/namenlos-restaurant.de\/wp-content\/uploads\/2026\/01\/Zutaten.png\" alt=\"\" \/>\t\t\t\t\t\t\t\t\t\t\t\t\t\t\t<\/p>\n<p>&#8230; unsere frischen Zutaten<\/p>\n<p>\t\t\t\t\t\t\t\t\t\t\t\t\t\t\t<img loading=\"lazy\" decoding=\"async\" width=\"720\" height=\"900\" src=\"https:\/\/namenlos-restaurant.de\/wp-content\/uploads\/2021\/08\/restaurant_namenlos_17.8.2021_13ccb6faa5b916c.jpg\" alt=\"\" \/>\t\t\t\t\t\t\t\t\t\t\t\t\t\t\t<\/p>\n<p>&#8230; Kinder unter 6 essen gratis<\/p>\n<p>\t\t\t\t\t\t\t\t\t\t\t\t\t\t\t<img loading=\"lazy\" decoding=\"async\" width=\"1000\" height=\"1250\" src=\"https:\/\/namenlos-restaurant.de\/wp-content\/uploads\/2026\/01\/Unsere-Events.png\" alt=\"\" \/>\t\t\t\t\t\t\t\t\t\t\t\t\t\t\t<\/p>\n<p>&#8230; unsere Events<\/p>\n<p>\t\t\t\t\t<a href=\"https:\/\/namenlos-restaurant.de\/index.php\/unsere-events\/\"><br \/>\n\t\t\t\t\t\t\t\t\tMehr erfahren<br \/>\n\t\t\t\t\t<\/a><br \/>\n\t\t\t\t\t\t\t\t\t\t\t\t\t\t\t<img loading=\"lazy\" decoding=\"async\" width=\"1000\" height=\"1250\" src=\"https:\/\/namenlos-restaurant.de\/wp-content\/uploads\/2026\/01\/Food-Truck.png\" alt=\"\" \/>\t\t\t\t\t\t\t\t\t\t\t\t\t\t\t<\/p>\n<p>&#8230; unser Catering<\/p>\n<p>\t\t\t\t\t<a href=\"https:\/\/guerilla-kueche.de\/?page_id=13\"><br \/>\n\t\t\t\t\t\t\t\t\tMehr erfahren<br \/>\n\t\t\t\t\t<\/a><br \/>\n\t\t\t\t\t\t\t\t\t\t\t\t\t\t\t<img loading=\"lazy\" decoding=\"async\" width=\"1000\" height=\"1250\" src=\"https:\/\/namenlos-restaurant.de\/wp-content\/uploads\/2026\/01\/Feiern.png\" alt=\"\" \/>\t\t\t\t\t\t\t\t\t\t\t\t\t\t\t<\/p>\n<p>&#8230; du kannst uns mieten<\/p>\n<p>\t\t\t\t\t<a href=\"https:\/\/namenlos-restaurant.de\/index.php\/feiern-in-restaurant-namenlos\/\"><br \/>\n\t\t\t\t\t\t\t\t\tMehr erfahren<br \/>\n\t\t\t\t\t<\/a><br \/>\n\t\t\t\t\t\t\t\t\t\t\t\t\t\t\t<img loading=\"lazy\" decoding=\"async\" width=\"1000\" height=\"1250\" src=\"https:\/\/namenlos-restaurant.de\/wp-content\/uploads\/2026\/01\/Tante-Anna.png\" alt=\"\" \/>\t\t\t\t\t\t\t\t\t\t\t\t\t\t\t<\/p>\n<p>&#8230; das Caf\u00e9 Tante Anna<\/p>\n<p>\t\t\t\t\t<a href=\"https:\/\/guerilla-kueche.de\/?page_id=1454\"><br \/>\n\t\t\t\t\t\t\t\t\tMehr erfahren<br \/>\n\t\t\t\t\t<\/a><br \/>\n\t\t\t\t\t\t\t\t\t\t\t\t\t\t\t<img loading=\"lazy\" decoding=\"async\" width=\"1000\" height=\"1250\" src=\"https:\/\/namenlos-restaurant.de\/wp-content\/uploads\/2026\/01\/Festtagsmenue-1.png\" alt=\"\" \/>\t\t\t\t\t\t\t\t\t\t\t\t\t\t\t<\/p>\n<p>&#8230; unser Festtagsmen\u00fc<\/p>\n<p>\t\t\t\t\t<a href=\"https:\/\/namenlos-restaurant.de\/index.php\/festtagsmenu\/\"><br \/>\n\t\t\t\t\t\t\t\t\tMehr erfahren<br \/>\n\t\t\t\t\t<\/a><br \/>\n\t\t\t\t\t\t\t\t\t\t\t\t\t\t\t<img loading=\"lazy\" decoding=\"async\" width=\"1000\" height=\"1250\" src=\"https:\/\/namenlos-restaurant.de\/wp-content\/uploads\/2026\/01\/Zutaten.png\" alt=\"\" \/>\t\t\t\t\t\t\t\t\t\t\t\t\t\t\t<\/p>\n<p>&#8230; unsere frischen Zutaten<\/p>\n<h2>Unsere #To Go Speisekarte<\/h2>\n<p>Alle To Go Gerichte auch im Mehrweg-Beh\u00e4lter erh\u00e4ltlich!<br \/>+ Pfand +5,00\u20ac<\/p>\n<p>Unsere Tagesgerichte erhaltet ihr auch To Go<\/p>\n<p>\t\t\t\t\t<a href=\"https:\/\/namenlos-restaurant.de\/wp-content\/uploads\/2026\/03\/Speisen-zum-mitnehmen-1-scaled.jpg\"><br \/>\n\t\t\t\t\t\t\t\t\t#To Go Speisekarte<br \/>\n\t\t\t\t\t<\/a><\/p>\n<h2>Jeden Freitag<\/h2>\n<p>Backfisch und Kartoffelsalat in der besonderen #Namenlos Edition. Ihr k\u00f6nnt es Euch von 12-15 Uhr sowohl vor Ort, oder auch To Go bei uns schmecken lassen.<\/p>\n<h3>In drei Schritten zum Genuss.<\/h3>\n<h4>2. Best\u00e4tigung erhalten<\/h4>\n<p>Eure Reservierung ist g\u00fcltig, sobald wir diese per Mail oder Anruf best\u00e4tigen.<\/p>\n<h4>3. Ankommen &amp; Genie\u00dfen<\/h4>\n<p>Lehnt Euch zur\u00fcck und genie\u00dft Euer Essen und Getr\u00e4nke.<\/p>\n<h4>1. Tisch Reservieren<\/h4>\n<p>\t\tReserviert Euren Tisch per Mail, Telefon oder \u00fcber unser Kontaktformular.<br \/>\n\t\t\t\t\t<a href=\"https:\/\/namenlos-restaurant.de\/index.php\/contact-us\/\"><br \/>\n\t\t\t\t\t\t\t\t\tReservieren<br \/>\n\t\t\t\t\t<\/a><\/p>\n<h2>#Fragen<\/h2>\n<details id=\"e-n-accordion-item-1480\" open>\n<summary data-accordion-index=\"1\" tabindex=\"0\" aria-expanded=\"true\" aria-controls=\"e-n-accordion-item-1480\" >\n\t\t\t\t\t Wie sind eure \u00d6ffnungszeiten?<br \/>\n\t\t\t\t\t\t<\/summary>\n<p>Unsere K\u00fcche hat montags &#8211; samstags von 12:00 &#8211; 21:30 ge\u00f6ffnet. Sonn- und feiertags haben wir geschlossen.<\/p>\n<\/details>\n<details id=\"e-n-accordion-item-1481\" >\n<summary data-accordion-index=\"2\" tabindex=\"-1\" aria-expanded=\"false\" aria-controls=\"e-n-accordion-item-1481\" >\n\t\t\t\t\t Gibt es vegetarische Optionen?<br \/>\n\t\t\t\t\t\t<\/summary>\n<p>Ja gibt es &#8211; allerdings h\u00e4ngt es immer von unserer jeweiligen Karte ab, wie viele vegetarisch oder veganen Gerichte wir haben. Gerne k\u00f6nnt Ihr auch unser Servicepersonal fragen.<\/p>\n<\/details>\n<details id=\"e-n-accordion-item-1482\" >\n<summary data-accordion-index=\"3\" tabindex=\"-1\" aria-expanded=\"false\" aria-controls=\"e-n-accordion-item-1482\" >\n\t\t\t\t\t Wie kaufe ich Tickets f\u00fcr ein Event?<br \/>\n\t\t\t\t\t\t<\/summary>\n<p>Ihr k\u00f6nnt Tickets entweder vor Ort, oder online kaufen &#8211; daf\u00fcr einfach beim jeweiligen Event auf das Datum klicken und schon kommt Ihr zu unserem Online Verkauf!<\/p>\n<\/details>\n<details id=\"e-n-accordion-item-1483\" >\n<summary data-accordion-index=\"4\" tabindex=\"-1\" aria-expanded=\"false\" aria-controls=\"e-n-accordion-item-1483\" >\n\t\t\t\t\t Gibt es Allergene-Infos (N\u00fcsse, Gluten, Laktose)?<br \/>\n\t\t\t\t\t\t<\/summary>\n<p>Gibt es &#8211; sprecht uns einfach an und wir helfen Euch weiter!<\/p>\n<\/details>\n<details id=\"e-n-accordion-item-1484\" >\n<summary data-accordion-index=\"5\" tabindex=\"-1\" aria-expanded=\"false\" aria-controls=\"e-n-accordion-item-1484\" >\n\t\t\t\t\t Sind Hunde erlaubt?<br \/>\n\t\t\t\t\t\t<\/summary>\n<p>Sind sie \ud83d\ude42<\/p>\n<\/details>\n<details id=\"e-n-accordion-item-1485\" >\n<summary data-accordion-index=\"6\" tabindex=\"-1\" aria-expanded=\"false\" aria-controls=\"e-n-accordion-item-1485\" >\n\t\t\t\t\t Kann man das Restaurant mieten?<br \/>\n\t\t\t\t\t\t<\/summary>\n<p>Na klar &#8211; entweder das gesamte Restaurant ab 50 Personen, einzelne Bereiche oder auch unseren Biergarten.\u00a0<\/p>\n<p>F\u00fcr mehr Informationen sprecht gerne unser Personal vor Ort an oder ruft uns\u00a0an unter: 01743418327<\/p>\n<\/details>\n<p>Unsere K\u00fcche hat montags &#8211; samstags von 12:00 &#8211; 21:30 ge\u00f6ffnet. Sonn- und feiertags haben wir geschlossen.<\/p>\n<p>Ja gibt es &#8211; allerdings h\u00e4ngt es immer von unserer jeweiligen Karte ab, wie viele vegetarisch oder veganen Gerichte wir haben. Gerne k\u00f6nnt Ihr auch unser Servicepersonal fragen.<\/p>\n<p>Ihr k\u00f6nnt Tickets entweder vor Ort, oder online kaufen &#8211; daf\u00fcr einfach beim jeweiligen Event auf das Datum klicken und schon kommt Ihr zu unserem Online Verkauf!<\/p>\n<p>Gibt es &#8211; sprecht uns einfach an und wir helfen Euch weiter!<\/p>\n<p>Sind sie \ud83d\ude42<\/p>\n<p>Na klar &#8211; entweder das gesamte Restaurant ab 50 Personen, einzelne Bereiche oder auch unseren Biergarten.\u00a0<\/p>\n<p>F\u00fcr mehr Informationen sprecht gerne unser Personal vor Ort an oder ruft uns\u00a0an unter: 01743418327<\/p>\n<h2>#Kunden &amp; Rezensionen<\/h2>\n<blockquote>\n<p>\n\t\t\t\tIch bin mehr als positiv \u00fcberrascht! Am Anfang war ich aufgrund der Lage eher skeptisch, ob das Restaurant meine Anspr\u00fcche befriedigen wird. Aber hier stimmt wirklich alles! Super nette und aufmerksame Bedienung, schneller Service und meeeeega leckeres Essen. Die Portionsgr\u00f6sse ist super. Leider zu weit weg von meinem Wohnort, aber ich werde trotzdem wiederkommen\u00a0 \ud83d\ude42\t\t\t<\/p>\n<p>\t\t\t\t\t\t\t\t\t\t\t<cite>&#8211; Nikolai B.<\/cite>\n\t\t\t\t\t<\/p><\/blockquote>\n<blockquote>\n<p>\n\t\t\t\tSpontaner Besuch,  ich kann nur sagen ,,wow&#8220;. Das Essen war ein Traum, alles genau auf den Punkt. Ich schw\u00f6re, ihr habt neue Stammg\u00e4ste.\t\t\t<\/p>\n<p>\t\t\t\t\t\t\t\t\t\t\t<cite>&#8211; Doris H.<\/cite>\n\t\t\t\t\t<\/p><\/blockquote>\n<blockquote>\n<p>\n\t\t\t\tZum ersten Mal da auf Empfehlung mit Freunden. Aber nicht zum letzten Mal.\u00a0Sehr freundlich und lecker.\t\t\t<\/p>\n<p>\t\t\t\t\t\t\t\t\t\t\t<cite>&#8211; Andre C.<\/cite>\n\t\t\t\t\t<\/p><\/blockquote>\n<h2>Hier findet Ihr uns<\/h2>\n<h3>Adresse<\/h3>\n<p>Restaurant #Namenlos<br \/>L\u00fctticher Stra\u00dfe 1<br \/>41748 Viersen<\/p>\n<h3>Kontakt<\/h3>\n<p>02162-5034687<br \/>info@restaurant-namenlos.de<\/p>\n<h3>Parken<\/h3>\n<p>Ihr k\u00f6nnt ganz einfach auf dem EDEKA-Parkplatz oder auf der anderen Stra\u00dfenseite auf dem Bahnhofsparkplatz parken und kommt entweder \u00fcber den Haupteingang, oder \u00fcber den Seiteneingang in unser Restaurant.<\/p>\n<p>\t\t\t<iframe loading=\"lazy\"\n\t\t\t\t\tsrc=\"https:\/\/maps.google.com\/maps?q=Restaurant%20%23Namenlos&#038;t=m&#038;z=15&#038;output=embed&#038;iwloc=near\"\n\t\t\t\t\ttitle=\"Restaurant #Namenlos\"\n\t\t\t\t\taria-label=\"Restaurant #Namenlos\"\n\t\t\t><\/iframe><\/p>\n","protected":false},"excerpt":{"rendered":"<p>We Love Food Leckere Gerichte im Guerilla Stil. Restaurant #Namenlos Restaurant in Viersen by Zielke&#8217;s Guerilla K\u00fcche Events Speisekarte Burning Flavor Mit Liebe zum Detail zubereitet und serviert. Unsere verschiedenen Events F\u00fcr jeden Anlass das richtige Ambiente und die passende K\u00fcche Trashy X-Mas und Trash Island Im Sommer und Winter kommen Budda und Steez ins [&hellip;]<\/p>\n","protected":false},"author":2,"featured_media":0,"parent":0,"menu_order":0,"comment_status":"closed","ping_status":"closed","template":"","meta":{"site-sidebar-layout":"no-sidebar","site-content-layout":"page-builder","ast-site-content-layout":"default","site-content-style":"default","site-sidebar-style":"default","ast-global-header-display":"","ast-banner-title-visibility":"","ast-main-header-display":"","ast-hfb-above-header-display":"","ast-hfb-below-header-display":"","ast-hfb-mobile-header-display":"","site-post-title":"disabled","ast-breadcrumbs-content":"","ast-featured-img":"disabled","footer-sml-layout":"","ast-disable-related-posts":"","theme-transparent-header-meta":"default","adv-header-id-meta":"","stick-header-meta":"","header-above-stick-meta":"","header-main-stick-meta":"","header-below-stick-meta":"","astra-migrate-meta-layouts":"default","ast-page-background-enabled":"default","ast-page-background-meta":{"desktop":{"background-color":"","background-image":"","background-repeat":"repeat","background-position":"center center","background-size":"auto","background-attachment":"scroll","background-type":"","background-media":"","overlay-type":"","overlay-color":"","overlay-opacity":"","overlay-gradient":""},"tablet":{"background-color":"","background-image":"","background-repeat":"repeat","background-position":"center center","background-size":"auto","background-attachment":"scroll","background-type":"","background-media":"","overlay-type":"","overlay-color":"","overlay-opacity":"","overlay-gradient":""},"mobile":{"background-color":"","background-image":"","background-repeat":"repeat","background-position":"center center","background-size":"auto","background-attachment":"scroll","background-type":"","background-media":"","overlay-type":"","overlay-color":"","overlay-opacity":"","overlay-gradient":""}},"ast-content-background-meta":{"desktop":{"background-color":"var(--ast-global-color-5)","background-image":"","background-repeat":"repeat","background-position":"center center","background-size":"auto","background-attachment":"scroll","background-type":"","background-media":"","overlay-type":"","overlay-color":"","overlay-opacity":"","overlay-gradient":""},"tablet":{"background-color":"var(--ast-global-color-5)","background-image":"","background-repeat":"repeat","background-position":"center center","background-size":"auto","background-attachment":"scroll","background-type":"","background-media":"","overlay-type":"","overlay-color":"","overlay-opacity":"","overlay-gradient":""},"mobile":{"background-color":"var(--ast-global-color-5)","background-image":"","background-repeat":"repeat","background-position":"center center","background-size":"auto","background-attachment":"scroll","background-type":"","background-media":"","overlay-type":"","overlay-color":"","overlay-opacity":"","overlay-gradient":""}},"footnotes":""},"class_list":["post-166","page","type-page","status-publish","hentry"],"jetpack_sharing_enabled":true,"_links":{"self":[{"href":"https:\/\/namenlos-restaurant.de\/index.php\/wp-json\/wp\/v2\/pages\/166","targetHints":{"allow":["GET"]}}],"collection":[{"href":"https:\/\/namenlos-restaurant.de\/index.php\/wp-json\/wp\/v2\/pages"}],"about":[{"href":"https:\/\/namenlos-restaurant.de\/index.php\/wp-json\/wp\/v2\/types\/page"}],"author":[{"embeddable":true,"href":"https:\/\/namenlos-restaurant.de\/index.php\/wp-json\/wp\/v2\/users\/2"}],"replies":[{"embeddable":true,"href":"https:\/\/namenlos-restaurant.de\/index.php\/wp-json\/wp\/v2\/comments?post=166"}],"version-history":[{"count":18,"href":"https:\/\/namenlos-restaurant.de\/index.php\/wp-json\/wp\/v2\/pages\/166\/revisions"}],"predecessor-version":[{"id":6590,"href":"https:\/\/namenlos-restaurant.de\/index.php\/wp-json\/wp\/v2\/pages\/166\/revisions\/6590"}],"wp:attachment":[{"href":"https:\/\/namenlos-restaurant.de\/index.php\/wp-json\/wp\/v2\/media?parent=166"}],"curies":[{"name":"wp","href":"https:\/\/api.w.org\/{rel}","templated":true}]}}